
{"id":143,"date":"2016-01-05T13:47:29","date_gmt":"2016-01-05T12:47:29","guid":{"rendered":"https:\/\/przedszkole121.edu.wroclaw.pl\/?page_id=143"},"modified":"2024-09-27T09:52:55","modified_gmt":"2024-09-27T07:52:55","slug":"grupa-wrobelki","status":"publish","type":"page","link":"https:\/\/przedszkole121.edu.wroclaw.pl\/index.php\/grupy\/grupa-wrobelki\/","title":{"rendered":"Grupa Wr\u00f3belki"},"content":{"rendered":"<div class=\"wpb-content-wrapper\"><p>[vc_row row_head_color=&#8221;#575656&#8243;][vc_column width=&#8221;1\/2&#8243; list_style=&#8221;list-style-check green&#8221; css=&#8221;.vc_custom_1431518185360{padding-right: 30px !important;padding-left: 60px !important;}&#8221; cms_title_size=&#8221;h2&#8243; el_class=&#8221;padding-30&#8243;][vc_column_text]<\/p>\n<h1 style=\"padding-left: 30px; text-align: center;\"><img loading=\"lazy\" decoding=\"async\" class=\"alignnone wp-image-6206 size-medium\" src=\"https:\/\/przedszkole121.edu.wroclaw.pl\/wp-content\/uploads\/sites\/15\/2023\/11\/wrobelki-1-1-225x300.jpg\" alt=\"\" width=\"225\" height=\"300\" srcset=\"https:\/\/przedszkole121.edu.wroclaw.pl\/wp-content\/uploads\/sites\/15\/2023\/11\/wrobelki-1-1-225x300.jpg 225w, https:\/\/przedszkole121.edu.wroclaw.pl\/wp-content\/uploads\/sites\/15\/2023\/11\/wrobelki-1-1-768x1024.jpg 768w, https:\/\/przedszkole121.edu.wroclaw.pl\/wp-content\/uploads\/sites\/15\/2023\/11\/wrobelki-1-1-600x800.jpg 600w, https:\/\/przedszkole121.edu.wroclaw.pl\/wp-content\/uploads\/sites\/15\/2023\/11\/wrobelki-1-1-1152x1536.jpg 1152w, https:\/\/przedszkole121.edu.wroclaw.pl\/wp-content\/uploads\/sites\/15\/2023\/11\/wrobelki-1-1-1536x2048.jpg 1536w, https:\/\/przedszkole121.edu.wroclaw.pl\/wp-content\/uploads\/sites\/15\/2023\/11\/wrobelki-1-1.jpg 1556w\" sizes=\"auto, (max-width: 225px) 100vw, 225px\" \/><span style=\"color: #008000; font-size: 24px;\">O nas<\/span><\/h1>\n<p>[\/vc_column_text][vc_row_inner css=&#8221;.vc_custom_1429852559362{padding-right: 0px !important;padding-left: 0px !important;}&#8221;][vc_column_inner font_size_col=&#8221;24px&#8221; font_line_height=&#8221;31px&#8221; font_weight_col=&#8221;700&#8243; css=&#8221;.vc_custom_1429938021622{padding-right: 0px !important;padding-left: 0px !important;}&#8221; font_color=&#8221;#6f4792&#8243;][vc_column_text css_animation=&#8221;top-to-bottom&#8221;]<span style=\"color: #000000;\">Chodzimy do przedszkola od wrze\u015bnia. Prze\u017cywamy okres adaptacji. Ka\u017cdy z nas uczy si\u0119 przebywa\u0107 w przedszkolu bez mamy i taty. Staramy si\u0119 samodzielnie zjada\u0107 pyszne jedzonko. Bawimy si\u0119 albo w naszej sali albo na podw\u00f3rku przedszkolnym. &nbsp;B\u0119dziemy rysowa\u0107, lepi\u0107 z plasteliny, malowa\u0107 farbami, klei\u0107 i konstruowa\u0107 r\u00f3\u017cne budowle. Samochody i klocki to nasze ulubione zabawki. Na podw\u00f3rku bawimy si\u0119 w piaskownicy, podziwiamy &nbsp;przyrod\u0119,&nbsp; szukamy ciekawych kamieni, patyk\u00f3w i innych skarb\u00f3w. Uczymy si\u0119 piosenek i wierszyk\u00f3w. &nbsp;Uczymy si\u0119 r\u00f3wnie\u017c zasad obowi\u0105zuj\u0105cych w przedszkolu.<\/span><br \/>\n<span style=\"color: #000000;\">Nasze panie to pani Ewa i pani Ola. Pani Justyna pomaga nam pokona\u0107 wszystkie problemy, z kt\u00f3rymi nasze ma\u0142e r\u0105czki nie daj\u0105 sobie rady. O porz\u0105dek w sali i nasze brzuszki dba pani Dorota.<br \/>\n<\/span>[\/vc_column_text][\/vc_column_inner][\/vc_row_inner][\/vc_column][vc_column width=&#8221;1\/2&#8243; css=&#8221;.vc_custom_1699980216992{padding-top: 253px !important;padding-right: 253px !important;padding-bottom: 253px !important;padding-left: 253px !important;background-image: url(https:\/\/przedszkole121.edu.wroclaw.pl\/wp-content\/uploads\/sites\/15\/2023\/11\/wrobelki.jpg?id=6205) !important;background-position: center !important;background-repeat: no-repeat !important;background-size: cover !important;border-radius: 1px !important;}&#8221;][\/vc_column][\/vc_row][vc_row full_width=&#8221;1&#8243; row_head_color=&#8221;#575656&#8243;][vc_column width=&#8221;1\/2&#8243; css=&#8221;.vc_custom_1609838953573{padding-top: 170px !important;padding-bottom: 170px !important;background: #81d742 url(https:\/\/przedszkole121.edu.wroclaw.pl\/wp-content\/uploads\/sites\/15\/2016\/10\/kopciuszek1.jpg?id=1191) !important;background-position: center !important;background-repeat: no-repeat !important;background-size: contain !important;}&#8221; cms_title_size=&#8221;h2&#8243;][\/vc_column][vc_column width=&#8221;1\/2&#8243; css=&#8221;.vc_custom_1431523806417{padding-right: 30px !important;padding-left: 30px !important;}&#8221; cms_title_size=&#8221;h2&#8243;][vc_column_text]<\/p>\n<h2 style=\"color: #008000; font-size: 24px;\">Wr\u00f3belki w&nbsp; liczbach&#8230;<\/h2>\n<p>[\/vc_column_text][vc_empty_space height=&#8221;40px&#8221;][cms_progressbar item_title=&#8221;Mamy 3 lata. Jeste\u015bmy u\u015bmiechni\u0119ci.&#8221; show_value=&#8221;false&#8221; value=&#8221;85&#8243; width=&#8221;100%&#8221; height=&#8221;38px&#8221; striped=&#8221;no&#8221; color=&#8221;#81b747&#8243; cms_template=&#8221;cms_progressbar.php&#8221; value_suffix=&#8221;3 lata&#8221;][cms_progressbar item_title=&#8221;Dziewczynek z radosnym u\u015bmiechem jest 14 :)&#8221; show_value=&#8221;false&#8221; width=&#8221;100%&#8221; height=&#8221;38px&#8221; striped=&#8221;no&#8221; color=&#8221;#41a83c&#8221; cms_template=&#8221;cms_progressbar.php&#8221;][cms_progressbar item_title=&#8221;Roze\u015bmianych ch\u0142opc\u00f3w jest 10 :)&#8221; show_value=&#8221;false&#8221; value=&#8221;40&#8243; width=&#8221;100%&#8221; height=&#8221;38px&#8221; striped=&#8221;no&#8221; color=&#8221;#02b0d2&#8243; cms_template=&#8221;cms_progressbar.php&#8221;][\/vc_column][\/vc_row][vc_row row_head_color=&#8221;#575656&#8243; row_arrow=&#8221;yes&#8221; arrow_color=&#8221;#f5f5f5&#8243;][vc_column cms_title_size=&#8221;h2&#8243; cms_counter_border_color=&#8221;&#8221; cms_counter_bg_color=&#8221;&#8221;][vc_column_text]<\/p>\n<h2 style=\"color: #008000; font-size: 24px;\">Nasze &#8221; Wr\u00f3belkowe&#8221; zaj\u0119cia dodatkowe<\/h2>\n<p>[\/vc_column_text][vc_column_text]<\/p>\n<p style=\"text-align: left;\"><strong><span style=\"color: #000000;\">Dwa razy w tygodniu \u0107wiczymy ch\u0119tnie na gimnastyce korekcyjnej z pani\u0105 Justyn\u0105.<\/span><\/strong><br \/>\n<strong><span style=\"color: #000000;\">Uczymy si\u0119 j\u0119zyka niemieckiego z&nbsp; pani\u0105 Iwon\u0105 .<\/span><\/strong><br \/>\n<strong><span style=\"color: #000000;\">\u015apiewamy i \u0107wiczymy rytmicznie z pani\u0105 Magdalen\u0105&nbsp; raz w tygodniu.<\/span><\/strong><br \/>\n<strong><span style=\"color: #000000;\">Spotykamy si\u0119 r\u00f3wnie\u017c z nasz\u0105 pani\u0105 logoped\u0105- Mariol\u0105, kt\u00f3ra \u0107wiczy z nami prawid\u0142ow\u0105 wymow\u0119 . \u0106wiczymy r\u00f3wnie\u017c w ramach programu &#8222;Mali wspaniali&#8221; elementy karate i b\u0119dziemy \u015bwietnie si\u0119 bawi\u0107 podczas spotka\u0144 muzycznych. Niekt\u00f3rzy z nas uczestnicz\u0105 w katechezie z pani\u0105 Kasi\u0105<br \/>\n<\/span><\/strong><\/p>\n<p>[\/vc_column_text][vc_column_text]<\/p>\n<h2 style=\"color: #008000; font-size: 24px;\">Nasze piosenki i wierszyki<\/h2>\n<p>[\/vc_column_text][vc_row_inner][vc_column_inner width=&#8221;1\/2&#8243;][vc_column_text]<\/p>\n<p style=\"text-align: center;\"><span style=\"color: #000000;\"><strong>WIERSZYK &#8222;T\u0119cza&#8221;<\/strong><\/span><\/p>\n<p style=\"text-align: center;\">Na niebie s\u0142o\u0144ce<\/p>\n<p style=\"text-align: center;\">nad s\u0142o\u0144cem chmurka<\/p>\n<p style=\"text-align: center;\">a z chmurki deszczyk<\/p>\n<p style=\"text-align: center;\">drobniuyko ciurka.<\/p>\n<p style=\"text-align: center;\">Co teraz b\u0119dzie?<\/p>\n<p style=\"text-align: center;\">Ju\u017c wiedz\u0105 dzieci .<\/p>\n<p style=\"text-align: center;\">Za chwil\u0119 t\u0119cza<\/p>\n<p style=\"text-align: center;\">barwna za\u015bwieci.<\/p>\n<p>[\/vc_column_text][\/vc_column_inner][vc_column_inner width=&#8221;1\/2&#8243;][vc_column_text]<\/p>\n<p style=\"text-align: center;\"><strong>Piosenka &#8222;Poci\u0105g krasnoludk\u00f3w&#8221;<\/strong><\/p>\n<p style=\"text-align: center;\">1.Ze stacyjki siedmiu smutk\u00f3w<\/p>\n<p style=\"text-align: center;\">rusza poci\u0105g krasnoludk\u00f3w<\/p>\n<p style=\"text-align: center;\">Maszynista zkozi\u0105 br\u00f3dk\u0105<\/p>\n<p style=\"text-align: center;\">zagwizda\u0142 cichutko.<\/p>\n<p style=\"text-align: center;\">2.Wyruszaj\u0105c na wycieczk\u0119<\/p>\n<p style=\"text-align: center;\">zaczynaj\u0105 w drodze sprzeczk\u0119<\/p>\n<p style=\"text-align: center;\">czy ma poci\u0105g jecha\u0107 z planem<\/p>\n<p style=\"text-align: center;\">czy mo\u017ce w nieznane.<\/p>\n<p style=\"text-align: center;\">3.Dw\u00f3ch w poci\u0105gu \u0142owi ryby<\/p>\n<p style=\"text-align: center;\">ten na niby zbiera grzyby<\/p>\n<p style=\"text-align: center;\">gdy si\u0119 jeden z drugim k\u0142\u00f3ci\u0142<\/p>\n<p style=\"text-align: center;\">poci<\/p>\n<\/div>","protected":false},"excerpt":{"rendered":"<p>[vc_row row_head_color=&#8221;#575656&#8243;][vc_column width=&#8221;1\/2&#8243; list_style=&#8221;list-style-check green&#8221; css=&#8221;.vc_custom_1431518185360{padding-right: 30px !important;padding-left: 60px !important;}&#8221; cms_title_size=&#8221;h2&#8243; el_class=&#8221;padding-30&#8243;][vc_column_text] O nas [\/vc_column_text][vc_row_inner css=&#8221;.vc_custom_1429852559362{padding-right: 0px !important;padding-left: 0px !important;}&#8221;][vc_column_inner font_size_col=&#8221;24px&#8221; font_line_height=&#8221;31px&#8221; font_weight_col=&#8221;700&#8243; css=&#8221;.vc_custom_1429938021622{padding-right: 0px !important;padding-left: 0px !important;}&#8221; font_color=&#8221;#6f4792&#8243;][vc_column_text css_animation=&#8221;top-to-bottom&#8221;]Chodzimy [&hellip;]<\/p>\n","protected":false},"author":15,"featured_media":0,"parent":103,"menu_order":0,"comment_status":"closed","ping_status":"closed","template":"","meta":{"ngg_post_thumbnail":0,"footnotes":""},"class_list":["post-143","page","type-page","status-publish","hentry","clearfix"],"_links":{"self":[{"href":"https:\/\/przedszkole121.edu.wroclaw.pl\/index.php\/wp-json\/wp\/v2\/pages\/143","targetHints":{"allow":["GET"]}}],"collection":[{"href":"https:\/\/przedszkole121.edu.wroclaw.pl\/index.php\/wp-json\/wp\/v2\/pages"}],"about":[{"href":"https:\/\/przedszkole121.edu.wroclaw.pl\/index.php\/wp-json\/wp\/v2\/types\/page"}],"author":[{"embeddable":true,"href":"https:\/\/przedszkole121.edu.wroclaw.pl\/index.php\/wp-json\/wp\/v2\/users\/15"}],"replies":[{"embeddable":true,"href":"https:\/\/przedszkole121.edu.wroclaw.pl\/index.php\/wp-json\/wp\/v2\/comments?post=143"}],"version-history":[{"count":294,"href":"https:\/\/przedszkole121.edu.wroclaw.pl\/index.php\/wp-json\/wp\/v2\/pages\/143\/revisions"}],"predecessor-version":[{"id":6439,"href":"https:\/\/przedszkole121.edu.wroclaw.pl\/index.php\/wp-json\/wp\/v2\/pages\/143\/revisions\/6439"}],"up":[{"embeddable":true,"href":"https:\/\/przedszkole121.edu.wroclaw.pl\/index.php\/wp-json\/wp\/v2\/pages\/103"}],"wp:attachment":[{"href":"https:\/\/przedszkole121.edu.wroclaw.pl\/index.php\/wp-json\/wp\/v2\/media?parent=143"}],"curies":[{"name":"wp","href":"https:\/\/api.w.org\/{rel}","templated":true}]}}