
{"id":148,"date":"2016-01-05T13:48:55","date_gmt":"2016-01-05T12:48:55","guid":{"rendered":"https:\/\/przedszkole121.edu.wroclaw.pl\/?page_id=148"},"modified":"2024-09-27T09:48:24","modified_gmt":"2024-09-27T07:48:24","slug":"grupa-kaczuszki","status":"publish","type":"page","link":"https:\/\/przedszkole121.edu.wroclaw.pl\/index.php\/grupy\/grupa-kaczuszki\/","title":{"rendered":"Grupa Kaczuszki"},"content":{"rendered":"<div class=\"wpb-content-wrapper\"><p>[vc_row full_width=&#8221;1&#8243; row_head_color=&#8221;#575656&#8243;][vc_column width=&#8221;1\/2&#8243; list_style=&#8221;list-style-check green&#8221; css=&#8221;.vc_custom_1431518185360{padding-right: 30px !important;padding-left: 60px !important;}&#8221; cms_title_size=&#8221;h2&#8243; el_class=&#8221;padding-30&#8243;][vc_column_text]<\/p>\n<h1 style=\"text-align: center;\"><img loading=\"lazy\" decoding=\"async\" class=\"size-full wp-image-365 aligncenter\" src=\"https:\/\/przedszkole121.edu.wroclaw.pl\/wp-content\/uploads\/sites\/15\/2016\/01\/kaczki-gr.png\" alt=\"kaczki-gr\" width=\"200\" height=\"178\"><span style=\"color: #008000; font-size: 24px;\">O nas<\/span><\/h1>\n<p>[\/vc_column_text][vc_row_inner css=&#8221;.vc_custom_1429852559362{padding-right: 0px !important;padding-left: 0px !important;}&#8221;][vc_column_inner font_size_col=&#8221;24px&#8221; font_line_height=&#8221;31px&#8221; font_weight_col=&#8221;700&#8243; css=&#8221;.vc_custom_1429938021622{padding-right: 0px !important;padding-left: 0px !important;}&#8221; font_color=&#8221;#6f4792&#8243;][vc_column_text]Jeste\u015bmy 4&nbsp; latkami \ud83d\ude42 Ka\u017cdego dnia odkrywamy nasze przedszkole, do kt\u00f3rego przychodzimy z wielk\u0105 rado\u015bci\u0105. Mi\u0142o sp\u0119dzamy czas w naszej kolorowej sali, bawi\u0105c si\u0119 w k\u0105cikach zainteresowa\u0144. Podczas zaj\u0119\u0107 uczymy si\u0119 wierszy, piosenek, ch\u0119tnie malujemy, rysujemy i lepimy. Du\u017c\u0105 cz\u0119\u015b\u0107 dnia b\u0119dziemy sp\u0119dza\u0107 na dworze( o ile pozwoli na to pogoda). Po intensywnej pracy i wielu wra\u017ceniach zwi\u0105zanych z odkrywaniem otaczaj\u0105cego \u015bwiata, ch\u0119tnie odpoczywamy s\u0142uchaj\u0105c ko\u0142ysanek lub bajek.<\/p>\n<p>Mamy nadziej\u0119, \u017ce b\u0119dzie to rok ciekawy, obfituj\u0105cy w niezapomniane prze\u017cycia, a praca w tym roku szkolnym przyniesie satysfakcj\u0119 i rado\u015b\u0107 z poznawania otaczaj\u0105cego nas \u015bwiata zar\u00f3wno dzieciom jak i rodzicom.<\/p>\n<p>Nasze nauczycielki&nbsp; to panie Kasia W\u00f3jcicka i Wiola Surowiecka.Pomagaj\u0105&nbsp; pani Sylwia.[\/vc_column_text][\/vc_column_inner][\/vc_row_inner][\/vc_column][vc_column width=&#8221;1\/2&#8243; css=&#8221;.vc_custom_1665348483369{padding-top: 253px !important;padding-right: 253px !important;padding-bottom: 253px !important;padding-left: 253px !important;background-image: url(https:\/\/przedszkole121.edu.wroclaw.pl\/wp-content\/uploads\/sites\/15\/2022\/10\/Kaczuszki.jpg?id=5737) !important;background-position: center !important;background-repeat: no-repeat !important;background-size: cover !important;border-radius: 1px !important;}&#8221; cms_title_size=&#8221;h2&#8243;][vc_column_text css=&#8221;.vc_custom_1633982389259{background-image: url(https:\/\/przedszkole121.edu.wroclaw.pl\/wp-content\/uploads\/sites\/15\/2021\/09\/kaczuszki-1-scaled.jpg?id=5213) !important;}&#8221;][\/vc_column_text][\/vc_column][\/vc_row][vc_row full_width=&#8221;1&#8243; row_head_color=&#8221;#575656&#8243;][vc_column width=&#8221;1\/2&#8243; css=&#8221;.vc_custom_1665345022428{padding-top: 210px !important;padding-bottom: 210px !important;background: #63d611 url(https:\/\/przedszkole121.edu.wroclaw.pl\/wp-content\/uploads\/sites\/15\/2016\/08\/slider2-7.jpg?id=715) !important;background-position: center !important;background-repeat: no-repeat !important;background-size: cover !important;}&#8221; cms_title_size=&#8221;h2&#8243;][vc_column_text]<br \/>\n[\/vc_column_text][\/vc_column][vc_column width=&#8221;1\/2&#8243; css=&#8221;.vc_custom_1431523806417{padding-right: 30px !important;padding-left: 30px !important;}&#8221; cms_title_size=&#8221;h2&#8243;][vc_column_text]<\/p>\n<h2 style=\"color: #008000; font-size: 24px;\">Kaczuszki w liczbach \ud83d\ude42<\/h2>\n<p>[\/vc_column_text][vc_column_text css=&#8221;&#8221;]25 dzieci &#8211; 4 letnich[\/vc_column_text][\/vc_column][\/vc_row][vc_row row_head_color=&#8221;#575656&#8243; row_arrow=&#8221;yes&#8221; arrow_color=&#8221;#f5f5f5&#8243;][vc_column cms_title_size=&#8221;h2&#8243; cms_counter_border_color=&#8221;&#8221; cms_counter_bg_color=&#8221;&#8221;][vc_column_text css_animation=&#8221;fadeInRight&#8221;]<\/p>\n<h2 style=\"text-align: left;\"><span style=\"color: #008000; font-size: 24px;\">&#8222;Kaczuszkowe &#8221; zaj\u0119cia dodatkowe<\/span><\/h2>\n<p>[\/vc_column_text][vc_column_text css_animation=&#8221;fadeInRight&#8221;]Dwa razy w tygodniu pani Justyna ma z nami zaj\u0119cia gimnastyczne. Zaj\u0119cia logopedyczne&nbsp; prowadzone s\u0105 przez pani\u0105 Mariol\u0119 . Ch\u0119tne dzieci maj\u0105&nbsp; katechez\u0119 z pani\u0105 katechetk\u0105 , pani\u0105 Kasi\u0105.&nbsp; \u0106wiczenia rytmiczne i rytmik\u0119&nbsp; prowadzone s\u0105 przez pani\u0105 Magdalen\u0119. Raz w tygodniu \u0107wiczymy&nbsp; w ramach programu &#8222;Mali wspaniali&#8221;, raz w tygodniu mamy gimnastyk\u0119 z elementami akrobatyki oraz uczymy si\u0119 j. niemieckiego z pani\u0105 Iwonk\u0105 Finke. <span style=\"color: #008000;\"><br \/>\n<\/span>[\/vc_column_text][vc_column_text]<\/p>\n<h2 style=\"text-align: left;\"><span style=\"color: #008000; font-size: 24px;\">Nasze piosenki i wierszyki&nbsp;<\/span><\/h2>\n<p>[\/vc_column_text][vc_row_inner][vc_column_inner width=&#8221;1\/2&#8243;][vc_column_text]<\/p>\n<ul>\n<li style=\"text-align: center;\"><strong>Wierszyk &#8222;Nasza Ojczyzna&#8221;<\/strong><\/li>\n<li style=\"text-align: center;\">1.To pi\u0119kna ziemia od g\u00f3r do morza,<\/li>\n<li style=\"text-align: center;\">zielone lasy i \u017cyzne pola,<\/li>\n<li style=\"text-align: center;\">kwieciste \u0142\u0105ki,Wis\u0142a b\u0142\u0119kitna-<\/li>\n<li style=\"text-align: center;\">to nasza ziemia,ziemia ojczysta.<\/li>\n<li style=\"text-align: center;\">2.Pi\u0119kna historia,stare legendy:<\/li>\n<li style=\"text-align: center;\">o Bia\u0142ym Orle,Smoku Wawelskim,<\/li>\n<li style=\"text-align: center;\">o bohaterskim Warsie i Sawie,<\/li>\n<li style=\"text-align: center;\">i o stolicy naszej,Warszawie.<\/li>\n<\/ul>\n<p>[\/vc_column_text][\/vc_column_inner][vc_column_inner width=&#8221;1\/2&#8243;][vc_column_text]<\/p>\n<div class=\"wpb_column vc_column_container vc_col-sm-6\">\n<div class=\"vc_column-inner\">\n<div class=\"wpb_wrapper\">\n<div class=\"wpb_text_column wpb_content_element \">\n<div class=\"wpb_wrapper\">\n<ul>\n<li>&nbsp;<\/li>\n<li style=\"text-align: center;\"><strong>PIOSENKA \u201eJesienna szaruga&#8221;<\/strong><\/li>\n<li style=\"text-align: center;\">1.Deszcz po szybie \u015bcieka:sza,sza,sza,<\/li>\n<li style=\"text-align: center;\">kapi\u0105 kropke deszczu:pla,pla,pla.<\/li>\n<li style=\"text-align: center;\"><strong>Ref:Jesienna muzyka<\/strong><\/li>\n<li style=\"text-align: center;\"><strong>dzi\u015b od rana gra:<\/strong><\/li>\n<li style=\"text-align: center;\"><strong>sza,sza,sza,plum,plum,plum<\/strong><\/li>\n<li style=\"text-align: center;\"><strong>ta -ra-ra-ra.<\/strong><\/li>\n<li style=\"text-align: center;\">2.Wiatr piosenk\u0119 \u015bpiewa:tu,tu,tu<\/li>\n<li style=\"text-align: center;\">szumi\u0105 z wiatrem drzewa;szu,szu,szu.<\/li>\n<\/ul>\n<\/div>\n<\/div>\n<\/div>\n<\/div>\n<\/div>\n<p>[\/vc_column_text][\/vc_column_inner][\/vc_row_inner][\/vc_column][\/vc_row][vc_row][\/vc_row][vc_column][\/vc_column][vc_column_text css_animation=&#8221;bounceInDown&#8221;]<\/p>\n<h2 style=\"text-align: center;\"><strong><span style=\"color: #008000; font-size: 24px;\">Co robi\u0105 &#8222;Kaczuszki&#8221; w listopadzie&#8230;<br \/>\n<\/span><\/strong><\/h2>\n<p>[\/vc_column_text][vc_tta_tabs color=&#8221;green&#8221; active_section=&#8221;1&#8243;][\/vc_tta_tabs][vc_tta_section title=&#8221;A deszcz pada i pada&#8230;&#8221; tab_id=&#8221;1514367429991-c90d7e52-a137&#8243;][\/vc_tta_section][vc_column_text]<\/p>\n<p>I am text block. Click edit button to change this text. Lorem ipsum dolor sit amet, consectetur adipiscing elit. Ut elit tellus, luctus nec ullamcorper mattis, pulvinar dapibus leo.<\/p>\n<p>[\/vc_column_text]<\/p>\n<\/div>","protected":false},"excerpt":{"rendered":"<p>[vc_row full_width=&#8221;1&#8243; row_head_color=&#8221;#575656&#8243;][vc_column width=&#8221;1\/2&#8243; list_style=&#8221;list-style-check green&#8221; css=&#8221;.vc_custom_1431518185360{padding-right: 30px !important;padding-left: 60px !important;}&#8221; cms_title_size=&#8221;h2&#8243; el_class=&#8221;padding-30&#8243;][vc_column_text] O nas [\/vc_column_text][vc_row_inner css=&#8221;.vc_custom_1429852559362{padding-right: 0px !important;padding-left: 0px !important;}&#8221;][vc_column_inner font_size_col=&#8221;24px&#8221; font_line_height=&#8221;31px&#8221; font_weight_col=&#8221;700&#8243; css=&#8221;.vc_custom_1429938021622{padding-right: 0px !important;padding-left: 0px !important;}&#8221; font_color=&#8221;#6f4792&#8243;][vc_column_text]Jeste\u015bmy [&hellip;]<\/p>\n","protected":false},"author":15,"featured_media":0,"parent":103,"menu_order":0,"comment_status":"closed","ping_status":"closed","template":"","meta":{"ngg_post_thumbnail":0,"footnotes":""},"class_list":["post-148","page","type-page","status-publish","hentry","clearfix"],"_links":{"self":[{"href":"https:\/\/przedszkole121.edu.wroclaw.pl\/index.php\/wp-json\/wp\/v2\/pages\/148","targetHints":{"allow":["GET"]}}],"collection":[{"href":"https:\/\/przedszkole121.edu.wroclaw.pl\/index.php\/wp-json\/wp\/v2\/pages"}],"about":[{"href":"https:\/\/przedszkole121.edu.wroclaw.pl\/index.php\/wp-json\/wp\/v2\/types\/page"}],"author":[{"embeddable":true,"href":"https:\/\/przedszkole121.edu.wroclaw.pl\/index.php\/wp-json\/wp\/v2\/users\/15"}],"replies":[{"embeddable":true,"href":"https:\/\/przedszkole121.edu.wroclaw.pl\/index.php\/wp-json\/wp\/v2\/comments?post=148"}],"version-history":[{"count":233,"href":"https:\/\/przedszkole121.edu.wroclaw.pl\/index.php\/wp-json\/wp\/v2\/pages\/148\/revisions"}],"predecessor-version":[{"id":6434,"href":"https:\/\/przedszkole121.edu.wroclaw.pl\/index.php\/wp-json\/wp\/v2\/pages\/148\/revisions\/6434"}],"up":[{"embeddable":true,"href":"https:\/\/przedszkole121.edu.wroclaw.pl\/index.php\/wp-json\/wp\/v2\/pages\/103"}],"wp:attachment":[{"href":"https:\/\/przedszkole121.edu.wroclaw.pl\/index.php\/wp-json\/wp\/v2\/media?parent=148"}],"curies":[{"name":"wp","href":"https:\/\/api.w.org\/{rel}","templated":true}]}}