
{"id":15,"date":"2015-12-17T14:50:30","date_gmt":"2015-12-17T13:50:30","guid":{"rendered":"http:\/\/przedszkole121.edu.wroclaw.pl\/?page_id=15"},"modified":"2024-09-11T11:38:02","modified_gmt":"2024-09-11T09:38:02","slug":"strona-glowna","status":"publish","type":"page","link":"https:\/\/przedszkole121.edu.wroclaw.pl\/","title":{"rendered":"Strona g\u0142\u00f3wna"},"content":{"rendered":"<div class=\"wpb-content-wrapper\"><p>[vc_row animation=&#8221;right-to-left&#8221;][vc_column width=&#8221;1\/3&#8243;][vc_single_image image=&#8221;4767&#8243; img_size=&#8221;medium&#8221; alignment=&#8221;center&#8221; onclick=&#8221;custom_link&#8221; css=&#8221;.vc_custom_1726045457909{margin-bottom: 0px !important;}&#8221; link=&#8221;https:\/\/przedszkole121.edu.wroclaw.pl\/?page_id=398&#8243;][vc_column_text css=&#8221;&#8221;]<\/p>\n<h2 style=\"text-align: center;\"><span style=\"color: #003300;\">Sukcesy<\/span><\/h2>\n<p>[\/vc_column_text][\/vc_column][vc_column width=&#8221;1\/3&#8243;][vc_single_image image=&#8221;4768&#8243; img_size=&#8221;medium&#8221; alignment=&#8221;center&#8221; onclick=&#8221;custom_link&#8221; css=&#8221;.vc_custom_1726045465500{margin-bottom: 0px !important;}&#8221; link=&#8221;\/?page_id=406&#8243;][vc_column_text css=&#8221;&#8221;]<\/p>\n<h2 style=\"text-align: center;\"><span style=\"color: #003300;\">Smaczna kuchnia<\/span><\/h2>\n<p>[\/vc_column_text][\/vc_column][vc_column width=&#8221;1\/3&#8243;][vc_single_image image=&#8221;4769&#8243; img_size=&#8221;medium&#8221; alignment=&#8221;center&#8221; onclick=&#8221;custom_link&#8221; css=&#8221;.vc_custom_1726045639161{margin-bottom: 0px !important;}&#8221; link=&#8221;\/?page_id=410&#8243;][vc_column_text css=&#8221;&#8221;]<\/p>\n<h2 style=\"text-align: center;\"><span style=\"color: #003300;\">Zdrowie<\/span><\/h2>\n<p>[\/vc_column_text][\/vc_column][\/vc_row][vc_row][vc_column][vc_empty_space][\/vc_column][\/vc_row][vc_row][vc_column width=&#8221;1\/3&#8243;][vc_column_text]<br \/>\n[\/vc_column_text][\/vc_column][vc_column width=&#8221;1\/3&#8243;][vc_column_text]<br \/>\n[\/vc_column_text][\/vc_column][vc_column width=&#8221;1\/3&#8243;][vc_column_text]<br \/>\n[\/vc_column_text][\/vc_column][\/vc_row][vc_row animation=&#8221;left-to-right&#8221;][vc_column width=&#8221;1\/3&#8243;][vc_single_image image=&#8221;4771&#8243; img_size=&#8221;medium&#8221; alignment=&#8221;center&#8221; onclick=&#8221;custom_link&#8221; css=&#8221;.vc_custom_1726045746161{margin-bottom: 0px !important;}&#8221; link=&#8221;\/?page_id=427&#8243;][vc_column_text css=&#8221;&#8221;]<\/p>\n<h2 style=\"text-align: center;\"><span style=\"color: #003300;\">Zaj\u0119cia dodatkowe<\/span><\/h2>\n<p>[\/vc_column_text][\/vc_column][vc_column width=&#8221;1\/3&#8243;][vc_single_image image=&#8221;4770&#8243; img_size=&#8221;medium&#8221; alignment=&#8221;center&#8221; onclick=&#8221;custom_link&#8221; css=&#8221;.vc_custom_1726045852484{margin-bottom: 0px !important;}&#8221; link=&#8221;\/?page_id=442&#8243;][vc_column_text css=&#8221;&#8221;]<\/p>\n<h2 style=\"text-align: center;\"><span style=\"color: #003300;\">Akceptacja<\/span><\/h2>\n<p>[\/vc_column_text][\/vc_column][vc_column width=&#8221;1\/3&#8243;][vc_single_image image=&#8221;4772&#8243; img_size=&#8221;medium&#8221; alignment=&#8221;center&#8221; onclick=&#8221;custom_link&#8221; css=&#8221;.vc_custom_1726046116667{margin-bottom: 0px !important;}&#8221; link=&#8221;\/?page_id=447&#8243;][vc_column_text css=&#8221;&#8221;]<\/p>\n<h2 style=\"text-align: center;\"><span style=\"color: #003300;\">Ekologia<\/span><\/h2>\n<p>[\/vc_column_text][\/vc_column][\/vc_row][vc_row][vc_column][vc_empty_space][\/vc_column][\/vc_row][vc_row animation=&#8221;top-to-bottom&#8221; bg_style=&#8221;bg-effect-lg&#8221;][vc_column][vc_column_text css_animation=&#8221;left-to-right&#8221;]<\/p>\n<h4 style=\"text-align: center;\">Jeste\u015b rodzicem, kt\u00f3ry pragnie wychowa\u0107 swoje dziecko na empatyczne, szcz\u0119\u015bliwe oraz \u017cyj\u0105ce w zgodzie z przyrod\u0105?&nbsp; &nbsp;Sprawd\u017a, co swoim podopiecznym zapewnia<br \/>\nPrzedszkole nr 121 \u201e Zielone Przedszkole\u201d.<\/h4>\n<p>[\/vc_column_text][\/vc_column][\/vc_row][vc_row][vc_column][vc_empty_space][\/vc_column][\/vc_row][vc_row][vc_column width=&#8221;1\/2&#8243;][vc_column_text]Harmonijny rozw\u00f3j dziecka przebiega najlepiej&nbsp; w du\u017cych przestrzeniach, w\u015br\u00f3d zieleni i poczucia bezpiecze\u0144stwa. Niezm\u0105cony miejskim zgie\u0142kiem teren przedszkola, lubi\u0105ca swoj\u0105 prac\u0119 kadra plac\u00f3wki, wewn\u0119trzne patia, tarasy, s\u0105siedztwo Parku Szczytnickiego, blisko\u015b\u0107 ZOO, Hali Stulecia zdaj\u0105 si\u0119 tworzy\u0107 ku temu idealne otoczenie. W budynku przedszkola trwa\u0142y ostatnio remonty \u0142azienek, sali rekreacyjnej, za\u0142o\u017cono s\u0142oneczne rolety, od\u015bwie\u017cono elewacj\u0119 budynku, wyremontowano ca\u0142y blok kuchenny. Przez du\u017ce okna do wn\u0119trza sal wkradaj\u0105 si\u0119 kaskady \u015bwiat\u0142a. Przeszklone drzwi pozwalaj\u0105 dzieciom obserwowa\u0107 zmiany w pogodzie oraz w przyrodzie. Drzwi wychodz\u0105 wprost na przedszkolne tarasy i st\u0105d na podw\u00f3rze, wyposa\u017cone w liczne drewniane urz\u0105dzenia, zielony labirynt, \u015bcie\u017ck\u0119 sensoryczn\u0105, skrzyni\u0119 na zio\u0142a i poziomki. g\u00f3rk\u0119 ze \u015bciank\u0105 wspinaczkow\u0105 i zjazdem. Mamy &#8222;Fabryk\u0119 piasku&#8221; i nowy zestaw zabawowy umo\u017cliwiaj\u0105cy zabawy z utrzymaniem r\u00f3wnowagi.[\/vc_column_text][\/vc_column][vc_column width=&#8221;1\/2&#8243;][vc_column_text]Na podw\u00f3rzu znajduj\u0105 si\u0119 r\u00f3wnie\u017c szachy plenerowe, stoliki, nowe domki i sklepik, dwie piaskownice, jedna z \u017caglem przeciws\u0142onecznym. Ogromne, wieloletnie d\u0119by, \u015bwierki, magnolie stanowi\u0105 naturaln\u0105 przestrze\u0144 do dzieci\u0119cych zabaw, daj\u0105 cie\u0144 w upalne dni. Rodzice wspieraj\u0105 dzia\u0142ania przedszkola i podejmuj\u0105 liczne aktywno\u015bci , zbieraj\u0105 dodatkowe fundusze i wp\u0142acaj\u0105 1,5% podatku. Przez kilka lat wsp\u00f3\u0142pracy uda\u0142o si\u0119 zebra\u0107 ponad 100 tys. z\u0142otych i przeznaczy\u0107 je na wyposa\u017cenie przedszkola. Szczycimy si\u0119 tym ,\u017ce wiele naszych akcji np.: \u201eFestyn dawnych Gier i Zabaw\u201d, Festyn \u201eCuda wianki\u201d znalaz\u0142y na\u015bladowc\u00f3w i pozytywnie aktywizuj\u0105 spo\u0142eczno\u015b\u0107 Wroc\u0142awia.[\/vc_column_text][\/vc_column][\/vc_row][vc_row][vc_column][vc_empty_space][\/vc_column][\/vc_row][vc_row animation=&#8221;bottom-to-top&#8221;][vc_column][vc_empty_space][vc_basic_grid post_type=&#8221;post&#8221; max_items=&#8221;3&#8243; grid_id=&#8221;vc_gid:1726046413612-18f327ca-91d0-10&#8243;][vc_empty_space][\/vc_column][\/vc_row][vc_row][vc_column][\/vc_column][\/vc_row]<\/p>\n<\/div>","protected":false},"excerpt":{"rendered":"<p>[vc_row animation=&#8221;right-to-left&#8221;][vc_column width=&#8221;1\/3&#8243;][vc_single_image image=&#8221;4767&#8243; img_size=&#8221;medium&#8221; alignment=&#8221;center&#8221; onclick=&#8221;custom_link&#8221; css=&#8221;.vc_custom_1726045457909{margin-bottom: 0px !important;}&#8221; link=&#8221;https:\/\/przedszkole121.edu.wroclaw.pl\/?page_id=398&#8243;][vc_column_text css=&#8221;&#8221;] Sukcesy [\/vc_column_text][\/vc_column][vc_column width=&#8221;1\/3&#8243;][vc_single_image image=&#8221;4768&#8243; img_size=&#8221;medium&#8221; alignment=&#8221;center&#8221; onclick=&#8221;custom_link&#8221; css=&#8221;.vc_custom_1726045465500{margin-bottom: 0px !important;}&#8221; link=&#8221;\/?page_id=406&#8243;][vc_column_text css=&#8221;&#8221;] Smaczna kuchnia [\/vc_column_text][\/vc_column][vc_column width=&#8221;1\/3&#8243;][vc_single_image image=&#8221;4769&#8243; img_size=&#8221;medium&#8221; [&hellip;]<\/p>\n","protected":false},"author":15,"featured_media":0,"parent":0,"menu_order":0,"comment_status":"closed","ping_status":"closed","template":"","meta":{"ngg_post_thumbnail":0,"footnotes":""},"class_list":["post-15","page","type-page","status-publish","hentry","clearfix"],"_links":{"self":[{"href":"https:\/\/przedszkole121.edu.wroclaw.pl\/index.php\/wp-json\/wp\/v2\/pages\/15","targetHints":{"allow":["GET"]}}],"collection":[{"href":"https:\/\/przedszkole121.edu.wroclaw.pl\/index.php\/wp-json\/wp\/v2\/pages"}],"about":[{"href":"https:\/\/przedszkole121.edu.wroclaw.pl\/index.php\/wp-json\/wp\/v2\/types\/page"}],"author":[{"embeddable":true,"href":"https:\/\/przedszkole121.edu.wroclaw.pl\/index.php\/wp-json\/wp\/v2\/users\/15"}],"replies":[{"embeddable":true,"href":"https:\/\/przedszkole121.edu.wroclaw.pl\/index.php\/wp-json\/wp\/v2\/comments?post=15"}],"version-history":[{"count":173,"href":"https:\/\/przedszkole121.edu.wroclaw.pl\/index.php\/wp-json\/wp\/v2\/pages\/15\/revisions"}],"predecessor-version":[{"id":6400,"href":"https:\/\/przedszkole121.edu.wroclaw.pl\/index.php\/wp-json\/wp\/v2\/pages\/15\/revisions\/6400"}],"wp:attachment":[{"href":"https:\/\/przedszkole121.edu.wroclaw.pl\/index.php\/wp-json\/wp\/v2\/media?parent=15"}],"curies":[{"name":"wp","href":"https:\/\/api.w.org\/{rel}","templated":true}]}}