
{"id":150,"date":"2016-01-05T13:49:22","date_gmt":"2016-01-05T12:49:22","guid":{"rendered":"https:\/\/przedszkole121.edu.wroclaw.pl\/?page_id=150"},"modified":"2025-09-06T23:25:18","modified_gmt":"2025-09-06T21:25:18","slug":"grupa-jaskolki","status":"publish","type":"page","link":"https:\/\/przedszkole121.edu.wroclaw.pl\/index.php\/grupy\/grupa-jaskolki\/","title":{"rendered":"Grupa Jask\u00f3\u0142ki"},"content":{"rendered":"<div class=\"wpb-content-wrapper\"><p>[vc_row][\/vc_row][vc_column width=&#8221;1\/2&#8243;][vc_column_text]<\/p>\n<h1 style=\"text-align: center\"><span style=\"color: #008000\"><img loading=\"lazy\" decoding=\"async\" class=\"size-full wp-image-364 aligncenter\" src=\"https:\/\/przedszkole121.edu.wroclaw.pl\/wp-content\/uploads\/sites\/15\/2016\/01\/jaskolka-gr.png\" alt=\"jaskolka-gr\" width=\"200\" height=\"178\" \/>O nas<\/span><\/h1>\n<p>[\/vc_column_text][vc_column_text css_animation=&#8221;fadeInLeftBig&#8221; css=&#8221;&#8221;]<\/p>\n<p style=\"text-align: left\"><span style=\"color: #000000\">Witajcie!<\/span><\/p>\n<p style=\"text-align: left\"><span style=\"color: #000000\">\u00a0Otwarto\u015b\u0107, ciekawo\u015b\u0107 i du\u017ca aktywno\u015b\u0107 to nasze cechy. Aby wszechstronnie si\u0119 rozwija\u0107 b\u0119dziemy podczas wielorakich zabaw zdobywa\u0107 do\u015bwiadczenia, wiadomo\u015bci i umiej\u0119tno\u015bci. Mamy nadziej\u0119, \u017ce b\u0119dzie to rok ciekawy, obfituj\u0105cy w niezapomniane prze\u017cycia. Ka\u017cdy dzie\u0144 w przedszkolu wype\u0142niony zabaw\u0105, spacerami b\u0119dzie sprawia\u0142 nam wszystkim du\u017co rado\u015bci. B\u0119dziemy przygotowywa\u0107 si\u0119 do podj\u0119cia nauki w szkole w przysz\u0142ym roku. Pracuj\u0105 z nami pani Marta Podg\u00f3rska\u00a0 pani Iwona Bielec i pani dyrektor Anna Zio\u0142o.O czysto\u015b\u0107 i nasze brzuszki dba pani Agnieszka.<br \/>\n<\/span><\/p>\n<p>[\/vc_column_text][\/vc_column]<\/p>\n<\/div>","protected":false},"excerpt":{"rendered":"<p>[vc_row][\/vc_row][vc_column width=&#8221;1\/2&#8243;][vc_column_text] O nas [\/vc_column_text][vc_column_text css_animation=&#8221;fadeInLeftBig&#8221; css=&#8221;&#8221;] Witajcie! \u00a0Otwarto\u015b\u0107, ciekawo\u015b\u0107 i du\u017ca aktywno\u015b\u0107 to nasze cechy. Aby wszechstronnie si\u0119 rozwija\u0107 b\u0119dziemy podczas wielorakich zabaw zdobywa\u0107 do\u015bwiadczenia, wiadomo\u015bci i umiej\u0119tno\u015bci. Mamy [&hellip;]<\/p>\n","protected":false},"author":15,"featured_media":0,"parent":103,"menu_order":0,"comment_status":"closed","ping_status":"closed","template":"","meta":{"ngg_post_thumbnail":0,"footnotes":""},"class_list":["post-150","page","type-page","status-publish","hentry","clearfix"],"_links":{"self":[{"href":"https:\/\/przedszkole121.edu.wroclaw.pl\/index.php\/wp-json\/wp\/v2\/pages\/150","targetHints":{"allow":["GET"]}}],"collection":[{"href":"https:\/\/przedszkole121.edu.wroclaw.pl\/index.php\/wp-json\/wp\/v2\/pages"}],"about":[{"href":"https:\/\/przedszkole121.edu.wroclaw.pl\/index.php\/wp-json\/wp\/v2\/types\/page"}],"author":[{"embeddable":true,"href":"https:\/\/przedszkole121.edu.wroclaw.pl\/index.php\/wp-json\/wp\/v2\/users\/15"}],"replies":[{"embeddable":true,"href":"https:\/\/przedszkole121.edu.wroclaw.pl\/index.php\/wp-json\/wp\/v2\/comments?post=150"}],"version-history":[{"count":314,"href":"https:\/\/przedszkole121.edu.wroclaw.pl\/index.php\/wp-json\/wp\/v2\/pages\/150\/revisions"}],"predecessor-version":[{"id":6603,"href":"https:\/\/przedszkole121.edu.wroclaw.pl\/index.php\/wp-json\/wp\/v2\/pages\/150\/revisions\/6603"}],"up":[{"embeddable":true,"href":"https:\/\/przedszkole121.edu.wroclaw.pl\/index.php\/wp-json\/wp\/v2\/pages\/103"}],"wp:attachment":[{"href":"https:\/\/przedszkole121.edu.wroclaw.pl\/index.php\/wp-json\/wp\/v2\/media?parent=150"}],"curies":[{"name":"wp","href":"https:\/\/api.w.org\/{rel}","templated":true}]}}