
{"id":19,"date":"2015-12-17T14:51:16","date_gmt":"2015-12-17T13:51:16","guid":{"rendered":"http:\/\/przedszkole121.edu.wroclaw.pl\/?page_id=19"},"modified":"2025-09-16T15:32:32","modified_gmt":"2025-09-16T13:32:32","slug":"informacje-i-dokumenty","status":"publish","type":"page","link":"https:\/\/przedszkole121.edu.wroclaw.pl\/index.php\/informacje-i-dokumenty\/","title":{"rendered":"Dokumenty"},"content":{"rendered":"<div class=\"wpb-content-wrapper\"><p>[vc_row][vc_column][vc_column_text css=&#8221;&#8221;]<\/p>\n<h4><\/h4>\n<h4><span style=\"color: #008000\"><strong><a style=\"color: #008000\" href=\"https:\/\/przedszkole121.edu.wroclaw.pl\/wp-content\/uploads\/sites\/15\/2019\/09\/Zgoda-na-odbieranie-dziecka-o\u015bwiadczenia.doc\">Upowa\u017cnienie do odbierania dziecka z przedszkola<\/a><\/strong><\/span><\/h4>\n<h4><strong><span style=\"color: #008000\"><a style=\"color: #008000\" href=\"https:\/\/przedszkole121.edu.wroclaw.pl\/wp-content\/uploads\/sites\/15\/2025\/08\/Deklaracja-Rodzica.doc\">Deklaracja rodzica na rok 2025-2026<\/a><\/span><\/strong><\/h4>\n<h4><span style=\"color: #008000\"><a style=\"color: #008000\" href=\"https:\/\/przedszkole121.edu.wroclaw.pl\/wp-content\/uploads\/sites\/15\/2025\/09\/dieta-wegetarianska.pdf\"><strong>Wniosek &#8211; dieta w \u017cywieniu przedszkolaka<\/strong> <\/a><\/span><\/h4>\n<h4><span style=\"color: #008000\"><a style=\"color: #008000\" href=\"https:\/\/przedszkole121.edu.wroclaw.pl\/wp-content\/uploads\/sites\/15\/2020\/10\/Informacja-dla-rodzicow-dzieci-piecioletnich.docx\"><strong>Informacja dla rodzic\u00f3w dzieci pi\u0119cioletnich dotycz\u0105ca przy\u015bpieszenia obowi\u0105zku szkolnego<\/strong><\/a><\/span><\/h4>\n<h4><span style=\"color: #008000\"><a style=\"color: #008000\" href=\"https:\/\/przedszkole121.edu.wroclaw.pl\/wp-content\/uploads\/sites\/15\/2024\/02\/Standardy-ochrony-dzieci-przedszkole-wersja-zupelna1.pdf\">Standardy Ochrony Dzieci<\/a><\/span><\/h4>\n<p>[\/vc_column_text][\/vc_column][\/vc_row]<\/p>\n<\/div>","protected":false},"excerpt":{"rendered":"<p>[vc_row][vc_column][vc_column_text css=&#8221;&#8221;] Upowa\u017cnienie do odbierania dziecka z przedszkola Deklaracja rodzica na rok 2025-2026 Wniosek &#8211; dieta w \u017cywieniu przedszkolaka Informacja dla rodzic\u00f3w dzieci pi\u0119cioletnich dotycz\u0105ca przy\u015bpieszenia obowi\u0105zku szkolnego Standardy Ochrony [&hellip;]<\/p>\n","protected":false},"author":15,"featured_media":0,"parent":0,"menu_order":0,"comment_status":"closed","ping_status":"closed","template":"","meta":{"ngg_post_thumbnail":0,"footnotes":""},"class_list":["post-19","page","type-page","status-publish","hentry","clearfix"],"_links":{"self":[{"href":"https:\/\/przedszkole121.edu.wroclaw.pl\/index.php\/wp-json\/wp\/v2\/pages\/19","targetHints":{"allow":["GET"]}}],"collection":[{"href":"https:\/\/przedszkole121.edu.wroclaw.pl\/index.php\/wp-json\/wp\/v2\/pages"}],"about":[{"href":"https:\/\/przedszkole121.edu.wroclaw.pl\/index.php\/wp-json\/wp\/v2\/types\/page"}],"author":[{"embeddable":true,"href":"https:\/\/przedszkole121.edu.wroclaw.pl\/index.php\/wp-json\/wp\/v2\/users\/15"}],"replies":[{"embeddable":true,"href":"https:\/\/przedszkole121.edu.wroclaw.pl\/index.php\/wp-json\/wp\/v2\/comments?post=19"}],"version-history":[{"count":38,"href":"https:\/\/przedszkole121.edu.wroclaw.pl\/index.php\/wp-json\/wp\/v2\/pages\/19\/revisions"}],"predecessor-version":[{"id":6614,"href":"https:\/\/przedszkole121.edu.wroclaw.pl\/index.php\/wp-json\/wp\/v2\/pages\/19\/revisions\/6614"}],"wp:attachment":[{"href":"https:\/\/przedszkole121.edu.wroclaw.pl\/index.php\/wp-json\/wp\/v2\/media?parent=19"}],"curies":[{"name":"wp","href":"https:\/\/api.w.org\/{rel}","templated":true}]}}