
{"id":406,"date":"2016-02-16T12:34:48","date_gmt":"2016-02-16T11:34:48","guid":{"rendered":"https:\/\/przedszkole121.edu.wroclaw.pl\/?page_id=406"},"modified":"2024-02-11T18:21:00","modified_gmt":"2024-02-11T17:21:00","slug":"smaczna-kuchnia","status":"publish","type":"page","link":"https:\/\/przedszkole121.edu.wroclaw.pl\/index.php\/strona-glowna\/smaczna-kuchnia\/","title":{"rendered":"Smaczna kuchnia"},"content":{"rendered":"<div class=\"wpb-content-wrapper\"><p>[vc_row][vc_column][\/vc_column][\/vc_row][vc_row][vc_column][vc_column_text css_animation=&#8221;bottom-to-top&#8221;]<\/p>\n<p style=\"text-align: justify\">Przedszkole korzysta z w\u0142asnej, wyremontowanej\u00a0 kuchni i serwuje dzieciom codziennie \u015bwie\u017co przygotowane dania. Stawia na kuchni\u0119 smaczn\u0105, zdrow\u0105 dzia\u0142aj\u0105c\u0105 na podstawie obowi\u0105zuj\u0105cych przepis\u00f3w . Serwujemy \u015bwie\u017ce, naturalne i nieprzetworzone produkty. Uwzgl\u0119dnia indywidualne uwarunkowania \u017cywieniowe dzieci. Szczycimy si\u0119 posiadaniem z\u0142otego certyfikatu \u201eZdrowej sto\u0142\u00f3wki\u201d oraz \u201ePrzedszkola Przyjaznego \u017bywieniu i Aktywno\u015bci Fizycznej\u201d. Dzieci raz w tygodniu piek\u0105 chleb, komponuj\u0105 zdrowe, uk\u0142adane wg wzoru kanapeczki. \u017bywimy sezonowo. Mamy piec konwekcyjno-parowy.<\/p>\n<p>[\/vc_column_text][\/vc_column][\/vc_row][vc_row][vc_column][vc_empty_space][\/vc_column][\/vc_row][vc_row][vc_column][vc_masonry_media_grid style=&#8221;lazy&#8221; grid_id=&#8221;vc_gid:1707671851743-4601e1db-e11c-4&#8243; include=&#8221;699,698,697,696,695,692,691,680,681,682,684,687,4002,3995&#8243;][\/vc_column][\/vc_row]<\/p>\n<\/div>","protected":false},"excerpt":{"rendered":"<p>[vc_row][vc_column][\/vc_column][\/vc_row][vc_row][vc_column][vc_column_text css_animation=&#8221;bottom-to-top&#8221;] Przedszkole korzysta z w\u0142asnej, wyremontowanej\u00a0 kuchni i serwuje dzieciom codziennie \u015bwie\u017co przygotowane dania. Stawia na kuchni\u0119 smaczn\u0105, zdrow\u0105 dzia\u0142aj\u0105c\u0105 na podstawie obowi\u0105zuj\u0105cych przepis\u00f3w . Serwujemy \u015bwie\u017ce, naturalne i [&hellip;]<\/p>\n","protected":false},"author":15,"featured_media":0,"parent":15,"menu_order":0,"comment_status":"closed","ping_status":"closed","template":"","meta":{"ngg_post_thumbnail":0,"footnotes":""},"class_list":["post-406","page","type-page","status-publish","hentry","clearfix"],"_links":{"self":[{"href":"https:\/\/przedszkole121.edu.wroclaw.pl\/index.php\/wp-json\/wp\/v2\/pages\/406","targetHints":{"allow":["GET"]}}],"collection":[{"href":"https:\/\/przedszkole121.edu.wroclaw.pl\/index.php\/wp-json\/wp\/v2\/pages"}],"about":[{"href":"https:\/\/przedszkole121.edu.wroclaw.pl\/index.php\/wp-json\/wp\/v2\/types\/page"}],"author":[{"embeddable":true,"href":"https:\/\/przedszkole121.edu.wroclaw.pl\/index.php\/wp-json\/wp\/v2\/users\/15"}],"replies":[{"embeddable":true,"href":"https:\/\/przedszkole121.edu.wroclaw.pl\/index.php\/wp-json\/wp\/v2\/comments?post=406"}],"version-history":[{"count":13,"href":"https:\/\/przedszkole121.edu.wroclaw.pl\/index.php\/wp-json\/wp\/v2\/pages\/406\/revisions"}],"predecessor-version":[{"id":6306,"href":"https:\/\/przedszkole121.edu.wroclaw.pl\/index.php\/wp-json\/wp\/v2\/pages\/406\/revisions\/6306"}],"up":[{"embeddable":true,"href":"https:\/\/przedszkole121.edu.wroclaw.pl\/index.php\/wp-json\/wp\/v2\/pages\/15"}],"wp:attachment":[{"href":"https:\/\/przedszkole121.edu.wroclaw.pl\/index.php\/wp-json\/wp\/v2\/media?parent=406"}],"curies":[{"name":"wp","href":"https:\/\/api.w.org\/{rel}","templated":true}]}}