
{"id":410,"date":"2016-02-16T12:38:52","date_gmt":"2016-02-16T11:38:52","guid":{"rendered":"https:\/\/przedszkole121.edu.wroclaw.pl\/?page_id=410"},"modified":"2024-02-11T18:53:32","modified_gmt":"2024-02-11T17:53:32","slug":"zdrowie","status":"publish","type":"page","link":"https:\/\/przedszkole121.edu.wroclaw.pl\/index.php\/strona-glowna\/zdrowie\/","title":{"rendered":"Zdrowie"},"content":{"rendered":"<div class=\"wpb-content-wrapper\"><p>[vc_row][vc_column][vc_column_text css_animation=&#8221;bottom-to-top&#8221;]Nale\u017cymy do sieci plac\u00f3wek promuj\u0105cych zdrowie. Jednym z podejmowanych temat\u00f3w jest \u201ezdrowe \u017cywienie\u201d .Proponujemy naszym dzieciom ni\u017cej opisane dzia\u0142ania:<\/p>\n<ul>\n<li>\u201eKolorowe dni w przedszkolu\u201d, np.: \u201eDzie\u0144 soczystego jab\u0142uszka\u201d ,\u201eDzie\u0144 marchewki\u201d \u201eDzie\u0144 wody\u201d,\u201e Zielony dzie\u0144\u201d \u201eDzie\u0144 fasoli\u201d \u201eDzie\u0144 dyni\u201d. Podczas tych spotka\u0144 pracuj\u0105 i bawi\u0105 si\u0119 wszystkie dzieci w przedszkolu , nauczyciele , pracownicy obs\u0142ugi i kuchni. W tych dniach dzieci wsp\u00f3lnie z rodzicami przygotowuj\u0105 proste stroje w odpowiednim kolorze , przedszkolny jad\u0142ospis uk\u0142adany jest w taki spos\u00f3b, aby dominowa\u0142y potrawy z przewag\u0105 koloru , kt\u00f3ry jest \u015bwi\u0119towany, dzieci spotykaj\u0105 si\u0119 na balu marchewki , jab\u0142uszka , wody czy te\u017c zielonych owoc\u00f3w i warzyw , rozwi\u0105zuj\u0105 zagadki , quizy , jedz\u0105 zup\u0119 dyniowa czy zielon\u0105 groszkow\u0105 , uk\u0142adaj\u0105 rymowanki , sk\u0142adaj\u0105 obrazki z cz\u0119\u015bci , \u015bpiewaj\u0105 piosenki , lepi\u0105 z plasteliny czy masy solnej kolorowe owoce i warzywa , pomagaj\u0105 przy robieniu sok\u00f3w.<\/li>\n<li>\u201e \u2026 Ma\u0142o nas , ma\u0142o nas do pieczenia chleba \u2026\u201d- Od 5 lat jeden raz w tygodniu\u00a0\u00a0 ( wtorek ) ka\u017cda grupa wsp\u00f3lnie z nauczycielkami i kucharkami piecze chleb pe\u0142en ziaren wed\u0142ug sprawdzonego przepisu. Chleb pieczony jest w piecu konwekcyjnym z m\u0105ki orkiszowej i zawiera mn\u00f3stwo zdrowych ziaren. Na drugi dzie\u0144 podawany jest wszystkim dzieciom.<\/li>\n<li>\u00a0Dzieci codziennie dostaj\u0105\u00a0 porcje owoc\u00f3w , warzyw lub soku , dodatkowo zakupiona zosta\u0142a sokowir\u00f3wka do przyrz\u0105dzania \u015bwie\u017cego soku .<\/li>\n<li>celebrujemy picie sezonowych, \u015bwie\u017co zaparzanych herbatek- zakupione s\u0105 dzbanki, fili\u017canki, pijemy herbatki rozgrzewaj\u0105ce, latem z przewag\u0105 mi\u0119ty,<\/li>\n<li>\u201ePiec konwekcyjny \u2013 posi\u0142ki zdrowe , smaczne kolorowe\u201d Posi\u0142ki przygotowywane s\u0105 w zakupionym piecu konwekcyjnym ,kt\u00f3ry daje mo\u017cliwo\u015b\u0107 obr\u00f3bki bezt\u0142uszczowej , gotowania na parze ( pozostaje kolor warzyw ) , bez utraty soli mineralnych i witamin , \u017cywimy dzieci smacznie , zdrowo , kolorowo.<\/li>\n<li>Podajemy dwie sur\u00f3wki do II dania: staramy si\u0119 aby na talerzu dziecka by\u0142a jedna propozycja warzywa parowanego, druga surowego. Opr\u00f3cz tego podawany jest tak\u017ce do drugiego dania owoc.<\/li>\n<li>\u201eCzwartkowe kanapeczki\u201d- na sto\u0142ach dzieci podczas \u015bniadania maj\u0105 wydrukowany wz\u00f3r kolorowej , zdrowej, ale tez \u015bmiesznej kanapeczki. Panie kucharki przygotowuj\u0105 w kuchni p\u00f3\u0142produkty do zrobienia kanapki, tzn. przycinaj\u0105 co\u015b , wycinaj\u0105. Dzieci patrz\u0105c na wz\u00f3r uk\u0142adaj\u0105 na talerzykach swoj\u0105 wersj\u0119. Samodzielnie u\u0142o\u017cona kanapka smakuje najlepiej.<\/li>\n<li>Wrze\u015bniowe rozporz\u0105dzenie z roku 2015 dotycz\u0105ce zbiorowego \u017cywienia dzieci w przedszkolach tak\u017ce narzuci\u0142o kilka rozwi\u0105za\u0144 , kt\u00f3re przestrzegamy: nie s\u0142odzimy kompot\u00f3w, nie u\u017cywamy soli , u\u017cywamy mi\u00f3d.<\/li>\n<\/ul>\n<p>[\/vc_column_text][\/vc_column][\/vc_row][vc_row][vc_column][vc_column_text][\/vc_column_text][\/vc_column][\/vc_row]<\/p>\n<\/div>","protected":false},"excerpt":{"rendered":"<p>[vc_row][vc_column][vc_column_text css_animation=&#8221;bottom-to-top&#8221;]Nale\u017cymy do sieci plac\u00f3wek promuj\u0105cych zdrowie. Jednym z podejmowanych temat\u00f3w jest \u201ezdrowe \u017cywienie\u201d .Proponujemy naszym dzieciom ni\u017cej opisane dzia\u0142ania: \u201eKolorowe dni w przedszkolu\u201d, np.: \u201eDzie\u0144 soczystego jab\u0142uszka\u201d ,\u201eDzie\u0144 marchewki\u201d [&hellip;]<\/p>\n","protected":false},"author":15,"featured_media":0,"parent":15,"menu_order":0,"comment_status":"closed","ping_status":"closed","template":"","meta":{"ngg_post_thumbnail":0,"footnotes":""},"class_list":["post-410","page","type-page","status-publish","hentry","clearfix"],"_links":{"self":[{"href":"https:\/\/przedszkole121.edu.wroclaw.pl\/index.php\/wp-json\/wp\/v2\/pages\/410","targetHints":{"allow":["GET"]}}],"collection":[{"href":"https:\/\/przedszkole121.edu.wroclaw.pl\/index.php\/wp-json\/wp\/v2\/pages"}],"about":[{"href":"https:\/\/przedszkole121.edu.wroclaw.pl\/index.php\/wp-json\/wp\/v2\/types\/page"}],"author":[{"embeddable":true,"href":"https:\/\/przedszkole121.edu.wroclaw.pl\/index.php\/wp-json\/wp\/v2\/users\/15"}],"replies":[{"embeddable":true,"href":"https:\/\/przedszkole121.edu.wroclaw.pl\/index.php\/wp-json\/wp\/v2\/comments?post=410"}],"version-history":[{"count":9,"href":"https:\/\/przedszkole121.edu.wroclaw.pl\/index.php\/wp-json\/wp\/v2\/pages\/410\/revisions"}],"predecessor-version":[{"id":6391,"href":"https:\/\/przedszkole121.edu.wroclaw.pl\/index.php\/wp-json\/wp\/v2\/pages\/410\/revisions\/6391"}],"up":[{"embeddable":true,"href":"https:\/\/przedszkole121.edu.wroclaw.pl\/index.php\/wp-json\/wp\/v2\/pages\/15"}],"wp:attachment":[{"href":"https:\/\/przedszkole121.edu.wroclaw.pl\/index.php\/wp-json\/wp\/v2\/media?parent=410"}],"curies":[{"name":"wp","href":"https:\/\/api.w.org\/{rel}","templated":true}]}}