
{"id":427,"date":"2016-02-16T13:16:34","date_gmt":"2016-02-16T12:16:34","guid":{"rendered":"https:\/\/przedszkole121.edu.wroclaw.pl\/?page_id=427"},"modified":"2024-02-11T18:50:52","modified_gmt":"2024-02-11T17:50:52","slug":"zajecia-dodatkowe","status":"publish","type":"page","link":"https:\/\/przedszkole121.edu.wroclaw.pl\/index.php\/strona-glowna\/zajecia-dodatkowe\/","title":{"rendered":"Zaj\u0119cia dodatkowe"},"content":{"rendered":"<div class=\"wpb-content-wrapper\"><p>[vc_row][vc_column][vc_column_text]<strong>Zaj\u0119cia dodatkowe:<\/strong><\/p>\n<p>Po sko\u0144czonym, zadeklarowanym pobycie dziecka w przedszkolu, na \u017cyczenie rodzic\u00f3w, w naszym przedszkolu odbywaj\u0105 si\u0119 zaj\u0119cia dodatkowe. Instruktorzy odbieraj\u0105 dzieci z grup, prowadz\u0105 zaj\u0119cia i po nich\u00a0 i oddaj\u0105 dzieci do r\u0105k rodzic\u00f3w lub opiekun\u00f3w. Odbywaj\u0105 si\u0119 zaj\u0119cia z\u00a0 j\u0119zyka angielskiego, pi\u0142ki no\u017cnej, ta\u0144c\u00f3w, ceramiki,\u00a0 zajecia umuzykalniaj\u0105ce, dzieci wyje\u017cd\u017caj\u0105 na basen (we wtorek i w pi\u0105tek). Prowadzone s\u0105 r\u00f3wnie\u017c zaj\u0119cia z szach\u00f3w i klock\u00f3w lego-Edukids.<\/p>\n<p>&nbsp;<\/p>\n<p><strong><img loading=\"lazy\" decoding=\"async\" class=\"size-medium wp-image-435 alignleft\" src=\"https:\/\/przedszkole121.edu.wroclaw.pl\/wp-content\/uploads\/sites\/15\/2016\/02\/tenis-300x238.png\" alt=\"tenis\" width=\"184\" height=\"146\" srcset=\"https:\/\/przedszkole121.edu.wroclaw.pl\/wp-content\/uploads\/sites\/15\/2016\/02\/tenis-300x240.png 300w, https:\/\/przedszkole121.edu.wroclaw.pl\/wp-content\/uploads\/sites\/15\/2016\/02\/tenis.png 383w\" sizes=\"auto, (max-width: 184px) 100vw, 184px\" \/><\/strong><br \/>\n<strong>Basen prowadzony przez firmy: Happy Time (dzieci z t\u0105 firm\u0105 wyje\u017cd\u017caj\u0105 we \u015brod\u0119) oraz Neptun ( dzieci wyje\u017cd\u017caj\u0105 w pi\u0105tek)<\/strong>\u00a0. Firmy zapewniaj\u0105 profesjonalny dow\u00f3z dzieci oraz opiek\u0119 instruktor\u00f3w na p\u0142ywalni. Ka\u017cda jednostka lekcyjna trwa <strong>45 minut<\/strong>. <strong>Celem kursu<\/strong> jest oswojenie dziecka ze \u015brodowiskiem wodnym. Dzieci ucz\u0105 si\u0119 prawid\u0142owego wydechu do wody z zanurzaniem twarzy, nurkowania, bezpiecznych skok\u00f3w do wody. Zwie\u0144czeniem kursu jest pokonywanie samodzielne kr\u00f3tkich odcink\u00f3w na wodzie. Zaj\u0119cia nauki p\u0142ywania prowadzone s\u0105 w formie zabaw.<\/p>\n<p><span style=\"color: #003300\"><strong>Pi\u0142ka no\u017cna: zaj\u0119cia odbywaj\u0105 si\u0119 jeden raz w tygodniu w poniedzia\u0142ki. <\/strong><\/span>Trening pi\u0142karski pozwala rozwin\u0105\u0107 nie tylko poszczeg\u00f3lne elementy techniki pi\u0142karskiej, ale umo\u017cliwia r\u00f3wnie\u017c wykszta\u0142cenie w sobie dyscypliny i zdolno\u015bci do pracy w grupie, a tak\u017ce kreatywno\u015bci i umiej\u0119tno\u015bci rozwi\u0105zywania problem\u00f3w &#8211;\u00a0<strong>cech charakteru przydatnych na przestrzeni ca\u0142ego \u017cycia<\/strong>. Naszych przedszkolak\u00f3w\u00a0<strong>uczy si\u0119 warto\u015bci fair play<\/strong> na boisku i poza nim. Zaj\u0119cia prowadzone s\u0105 przez firm\u0119 Bambinigoal.<\/p>\n<p>&nbsp;<\/p>\n<p><strong><img loading=\"lazy\" decoding=\"async\" class=\"size-medium wp-image-433 alignleft\" src=\"https:\/\/przedszkole121.edu.wroclaw.pl\/wp-content\/uploads\/sites\/15\/2016\/02\/abc-300x130.png\" alt=\"abc\" width=\"300\" height=\"130\" srcset=\"https:\/\/przedszkole121.edu.wroclaw.pl\/wp-content\/uploads\/sites\/15\/2016\/02\/abc-300x130.png 300w, https:\/\/przedszkole121.edu.wroclaw.pl\/wp-content\/uploads\/sites\/15\/2016\/02\/abc.png 510w\" sizes=\"auto, (max-width: 300px) 100vw, 300px\" \/>J\u0119zyk niemiecki<\/strong> prowadzony jest 1 raz w tygodniu przez pani\u0105 Iwon\u0119 Finke,\u00a0 lektora i nauczyciela naszego przedszkola. Zaj\u0119cia z j. niemieckiego to wsp\u00f3lna zabawa edukacyjna dla dzieci. Zabawy opieraj\u0105 si\u0119 na poszerzaniu s\u0142ownictwa , na wykorzystaniu pami\u0119ci wzrokowej \u2013 dziecko kojarzy konkretny obrazek ze brzmieniem s\u0142owa, wykorzystuje naturaln\u0105 ciekawo\u015b\u0107 dziecka do zdobywania wiedzy i poznawania \u015bwiata. Dzieci koloruj\u0105, wycinaj\u0105, ogl\u0105daj\u0105 kr\u00f3ciutkie filmiki, s\u0142uchaj\u0105 bajki w j. niemieckim. Zaj\u0119cia te odbywaj\u0105 si\u0119 w ramach zaznajamiania dzieci z j\u0119zykiem nowo\u017cytnym ( zgodnie z podstaw\u0105 programow\u0105) i w tej formie jest niep\u0142atny.<\/p>\n<p><span style=\"color: #800000\"><strong>J\u0119zyk angielski <\/strong><span style=\"color: #000000\">p<\/span><\/span>rowadzony jest dwa razy w tygodniu przez firm\u0119 Teedy Edie. Dzieci podejmuj\u0105ce nauk\u0119 j\u0119zyka angielskiego w wieku przedszkolnym maj\u0105 ogromn\u0105 szans\u0119 na przyswojenie systemu d\u017awi\u0119kowego j\u0119zyka, a tym samym doskonal\u0105 wymow\u0119. Wi\u0119ksza plastyczno\u015b\u0107 m\u00f3zgu i elastyczno\u015b\u0107 organ\u00f3w mowy, charakterystyczna dla dzieci, kt\u00f3re wci\u0105\u017c opanowuj\u0105 nasz j\u0119zyk polski, daje im lepsze mo\u017cliwo\u015bci w przyswajaniu obcych d\u017awi\u0119k\u00f3w i melodii innego j\u0119zyka<strong>. <\/strong><\/p>\n<p>Dzieci w wieku przedszkolnym s\u0105 wci\u0105\u017c w trakcie uczenia si\u0119 j\u0119zyka ojczystego, a nauka dw\u00f3ch j\u0119zyk\u00f3w jednocze\u015bnie (j\u0119zyka polskiego i j. angielskiego) jest korzystna, gdy\u017c podnosi dzieci\u0119c\u0105 \u015bwiadomo\u015b\u0107 j\u0119zykow\u0105 oraz wp\u0142ywa korzystnie na rozw\u00f3j obu p\u00f3\u0142kul m\u00f3zgowych. Dzieciom nie przeszkadza, je\u017celi w wypowiedziach pojawiaj\u0105 si\u0119 s\u0142owa lub fragmenty dla nich nie zrozumia\u0142e . S\u0105 wr\u0119cz do tego przyzwyczajone, bo wci\u0105\u017c jeszcze ucz\u0105 si\u0119 j\u0119zyka polskiego. Nauczanie j\u0119zyka angielskiego w\u015br\u00f3d dzieci przedszkolnych odbywa si\u0119 w formie zabawy, co sprawia, \u017ce jest to dla nich zar\u00f3wno przyjemne do\u015bwiadczenie, jak i spos\u00f3b na nauk\u0119 bez wysi\u0142ku. Podkre\u015bli\u0107 jeszcze raz nale\u017cy, \u017ce dzieci ucz\u0105c si\u0119 j\u0119zyka obcego \u0107wicz\u0105 tak\u017ce\u00a0 swoj\u0105 pami\u0119\u0107.<\/p>\n<ul>\n<li><strong>\u0106wiczenia rytmiczne<\/strong> prowadzi\u00a0 pani Magdalena Le\u015bko, nauczyciel\u00a0 z kilkuletnim do\u015bwiadczeniem w pracy z ma\u0142ymi dzie\u0107mi. Odbywaj\u0105 si\u0119 w ka\u017cdy czwartek\u00a0 po 30 minut dla ka\u017cdej grupy. Ka\u017cda grupa spotyka si\u0119 z pani\u0105 Magd\u0105 s\u0142uchaj\u0105c \u017cywej muzyki i bawi\u0105c si\u0119 przy niej. Zaj\u0119cia te poprzez ruch i\u00a0 \u015bpiew\u00a0 realizuj\u0105 cele wychowania og\u00f3lnego, oparte s\u0105 na zrozumieniu tkwi\u0105cej w dziecku potrzeby ruchu i aktywno\u015bci \u2013 wychowuj\u0105 cz\u0142owieka nie tylko wra\u017cliwego na sztuk\u0119, ale samodzielnego, inteligentnego, aktywnego, sprawnego fizycznie, przysz\u0142ego odbiorc\u0119 muzyki. Zaj\u0119cia rytmiczne to przede wszystkim nauka poprzez wsp\u00f3ln\u0105 zabaw\u0119, kt\u00f3ra prowadzona jest tak, aby zdobywanie wiedzy kojarzy\u0142o si\u0119 dziecku z przyjemno\u015bci\u0105, zawieraj\u0105 w sobie r\u00f3\u017cny dob\u00f3r \u0107wicze\u0144 z elementami wyrabiania sprawno\u015bci fizycznej, uwra\u017cliwienia na zmiany zachodz\u0105ce w muzyce, oswajania z zagadnieniami muzycznymi, ilustracjami ruchowymi do piosenek oraz relaksacj\u0105 przy muzyce i muzykoterapi\u0105. \u0106wiczenia muzyczno \u2013 ruchowe odbywaj\u0105 si\u0119 z akompaniamentem pianina.<\/li>\n<li><strong>Katecheza<\/strong> &#8211; prowadzona jest przez nauczyciela dyplomowanego -katechet\u0119 pani\u0105 Katarzyn\u0119 Stach\u00f3w jeden raz w tygodniu w ka\u017cdy pi\u0105tek.\u00a0 Rodzice zapisuj\u0105 swoje dziecko na katechez\u0119 na sw\u00f3j wniosek. Podczas zaj\u0119\u0107 wspierany jest ca\u0142o\u015bciowy rozw\u00f3j dziecka zar\u00f3wno psychofizyczny jak i duchowy. Dzieci poznaj\u0105 modlitwy, wydarzenia biblijne oraz niekt\u00f3re tradycje \u015bwi\u0105teczne.<\/li>\n<li><strong>Gimnastyka korekcyjna <\/strong>&#8211; zaj\u0119cia wspieraj\u0105 i ukierunkowuj\u0105 aktywno\u015b\u0107 ruchow\u0105 naszych przedszkolak\u00f3w. Dbamy, by nasze przedszkolaki mia\u0142y proste kr\u0119gos\u0142upy, by\u0142y sprawne i cieszy\u0142y si\u0119 aktywnym dzieci\u0144stwem. Zaj\u0119cia z gimnastyki korekcyjnej w przedszkolu umo\u017cliwi\u0105 dziecku \u0107wiczenie gibko\u015bci, szybko\u015bci, sprawno\u015bci, pami\u0119ci, koncentracji uwagi, spostrzegawczo\u015bci, rozbudzaj\u0105 motywacj\u0119 do wszechstronnej aktywno\u015bci stanowi\u0105cej niezb\u0119dny warunek ich rozwoju, jak r\u00f3wnie\u017c wyrobi\u0107 prawid\u0142owe nawyki i przyzwyczajenia. Podczas zaj\u0119\u0107 k\u0142adziemy du\u017cy nacisk na bezpiecze\u0144stwo. Dostosowujemy poziom zaj\u0119\u0107 do grupy wiekowej dzieci. Podczas \u0107wicze\u0144 dzieci u\u017cywaj\u0105 wielu przybor\u00f3w ( szarfy, woreczki, skakanki, pi\u0142ki, koce, materace), zwi\u0119kszaj\u0105cych ich efektywno\u015b\u0107. Po intensywnej rozgrzewce dzieci wykonuj\u0105 podstawowe \u0107wiczenia gimnastyczne. Zaj\u0119cia s\u0105 przeplatane grami i zabawami co uczy wsp\u00f3\u0142pracy w grupie. Zaj\u0119cia korekcyjne organizowane w przedszkolu 2 razy w tygodniu po 30 min. Prowadzi je pani Justyna Szymczyk.<\/li>\n<li><strong>Zaj\u0119cia logopedyczne:<\/strong> W Przedszkolu nr 121 \u201eZielone Przedszkole\u201d prowadzone s\u0105 zaj\u0119cia logopedyczne w wymiarze 12 godzin w tygodniu. Proponowane s\u0105 zaj\u0119cia dla ca\u0142ych grup, dzi\u0119ki czemu wszystkie dzieci ucz\u0105 si\u0119 prawid\u0142owej wymowy i wykonuj\u0105 \u0107wiczenia logopedyczne. Dzieci zakwalifikowane do indywidualnej terapii logopedycznej, po badaniach przesiewowych, bezpo\u015brednio \u0107wicz\u0105 z pani\u0105 logoped\u0105. Rodzic\u00f3w tak\u017ce zapraszamy do zabaw logopedycznych podczas zaj\u0119\u0107 otwartych oraz prosimy o \u0107wiczenie wymowy ze swoimi dzie\u0107mi w domu. Zaj\u0119cia prowadzi pani Mariola Koprek.<\/li>\n<li><strong>Zaj\u0119cia umuzykalniaj\u0105ce<\/strong>: prowadzi pani Magdalena Le\u015bko, jeden raz w tygodniu,\u00a0 zaj\u0119cia popo\u0142udniowe, p\u0142atne przez rodzic\u00f3w. Bezpo\u015bredni kontakt z \u017cyw\u0105 muzyk\u0105 stymuluje pe\u0142ny i bardziej harmonijny rozw\u00f3j m\u00f3zgu;<br \/>\n\u2022 jest wspania\u0142ym treningiem pami\u0119ci i koncentracji;<br \/>\n\u2022 rozwija zdolno\u015bci j\u0119zykowe;<br \/>\n\u2022 uczy logicznego my\u015blenia;<br \/>\n\u2022 wp\u0142ywa na rozw\u00f3j zdolno\u015bci matematycznych;<br \/>\n\u2022 poprawia samopoczucie (uspokaja i pomaga roz\u0142adowa\u0107 emocje);<br \/>\n\u2022 uczy pracy i wsp\u00f3\u0142\u017cycia w zespole.<\/li>\n<li><strong>Ceramika:<\/strong> prowadzi pani Irmina zatrudniona w firmie:&#8221; Strefa Kolor\u00f3w&#8221;,jeden raz w tygodniu, zaj\u0119cia popo\u0142udniowe, p\u0142atne przez rodzic\u00f3w. Praca z glin\u0105 wp\u0142ywa korzystnie na harmonijny rozw\u00f3j dzieci. Ugniatanie, wa\u0142kowanie, formowanie i ozdabianie gliny to doskona\u0142e wsparcie rozwoju ma\u0142ej motoryki dzieci\u0119cych d\u0142oni i przygotowanie m.in. do nauki pisania. Jak wspomnieli\u015bmy wy\u017cej, to r\u00f3wnie\u017c cenne do\u015bwiadczenie sensoryczne, kt\u00f3re znakomicie stymuluje uk\u0142ad nerwowy. Ponadto praca z glin\u0105 wycisza, uczy cierpliwo\u015bci, umo\u017cliwia doskonalenie umiej\u0119tno\u015bci koncentracji. Z kolei z tw\u00f3rczego punktu widzenia, zaj\u0119cia ceramiczne rozwijaj\u0105 wyobra\u017ani\u0119 i ekspresj\u0119 plastyczn\u0105. Podczas zaj\u0119\u0107 dzieci wykorzystuj\u0105 specjalistyczne narz\u0119dzia, a tak\u017ce przedmioty z recyklingu. Dzi\u0119ki temu ucz\u0105 si\u0119 znajdowa\u0107 nowe, kreatywne zastosowanie dla przer\u00f3\u017cnych przedmiot\u00f3w codziennego u\u017cytku.<\/li>\n<li><strong>Szachy: <\/strong>firma &#8222;Czarny Ko\u0144&#8221;,zaj\u0119cia popo\u0142udniowe, p\u0142atne przez rodzic\u00f3w, jeden raz w tygodniu. <span class=\"ILfuVd\" lang=\"pl\"><span class=\"hgKElc\">Nauka gry w szachy sprzyja wszechstronnemu rozwojowi dziecka &#8211; kszta\u0142ci pami\u0119\u0107, umiej\u0119tno\u015b\u0107 abstrakcyjnego i logicznego my\u015blenia, rozwija wyobra\u017ani\u0119 przestrzenn\u0105. Wp\u0142ywa na rozw\u00f3j intelektu, zwi\u0119ksza aktywno\u015b\u0107 umys\u0142ow\u0105, rozbudza tw\u00f3rcze zdolno\u015bci.<\/span><\/span><\/li>\n<li><strong>Klocki Lego:<\/strong> zaj\u0119cia popo\u0142udniowe, p\u0142atne przez rodzic\u00f3w, jeden raz w tygodniu, <span class=\"ILfuVd\" lang=\"pl\"><span class=\"hgKElc\">Dziecko mo\u017ce wymy\u015bla\u0107 swoje w\u0142asne budowle i tworzy\u0107 nawet bardzo skomplikowane konstrukcje. Buduj\u0105c wed\u0142ug okre\u015blonego wzoru, uczy si\u0119 z kolei cierpliwo\u015bci, trenuje koncentracj\u0119 i rozwi\u0105zuje problemy, a tak\u017ce rozwija wyobra\u017ani\u0119 przestrzenn\u0105. Klocki dla dzieci rozwijaj\u0105 ich ma\u0142\u0105 motoryk\u0119, \u0107wicz\u0105 koordynacj\u0119 r\u0119ka-oko.<\/span><\/span><\/li>\n<\/ul>\n<p>[\/vc_column_text][\/vc_column][\/vc_row]<\/p>\n<\/div>","protected":false},"excerpt":{"rendered":"<p>[vc_row][vc_column][vc_column_text]Zaj\u0119cia dodatkowe: Po sko\u0144czonym, zadeklarowanym pobycie dziecka w przedszkolu, na \u017cyczenie rodzic\u00f3w, w naszym przedszkolu odbywaj\u0105 si\u0119 zaj\u0119cia dodatkowe. Instruktorzy odbieraj\u0105 dzieci z grup, prowadz\u0105 zaj\u0119cia i po nich\u00a0 i [&hellip;]<\/p>\n","protected":false},"author":15,"featured_media":0,"parent":15,"menu_order":0,"comment_status":"closed","ping_status":"closed","template":"","meta":{"ngg_post_thumbnail":0,"footnotes":""},"class_list":["post-427","page","type-page","status-publish","hentry","clearfix"],"_links":{"self":[{"href":"https:\/\/przedszkole121.edu.wroclaw.pl\/index.php\/wp-json\/wp\/v2\/pages\/427","targetHints":{"allow":["GET"]}}],"collection":[{"href":"https:\/\/przedszkole121.edu.wroclaw.pl\/index.php\/wp-json\/wp\/v2\/pages"}],"about":[{"href":"https:\/\/przedszkole121.edu.wroclaw.pl\/index.php\/wp-json\/wp\/v2\/types\/page"}],"author":[{"embeddable":true,"href":"https:\/\/przedszkole121.edu.wroclaw.pl\/index.php\/wp-json\/wp\/v2\/users\/15"}],"replies":[{"embeddable":true,"href":"https:\/\/przedszkole121.edu.wroclaw.pl\/index.php\/wp-json\/wp\/v2\/comments?post=427"}],"version-history":[{"count":16,"href":"https:\/\/przedszkole121.edu.wroclaw.pl\/index.php\/wp-json\/wp\/v2\/pages\/427\/revisions"}],"predecessor-version":[{"id":6309,"href":"https:\/\/przedszkole121.edu.wroclaw.pl\/index.php\/wp-json\/wp\/v2\/pages\/427\/revisions\/6309"}],"up":[{"embeddable":true,"href":"https:\/\/przedszkole121.edu.wroclaw.pl\/index.php\/wp-json\/wp\/v2\/pages\/15"}],"wp:attachment":[{"href":"https:\/\/przedszkole121.edu.wroclaw.pl\/index.php\/wp-json\/wp\/v2\/media?parent=427"}],"curies":[{"name":"wp","href":"https:\/\/api.w.org\/{rel}","templated":true}]}}