
{"id":442,"date":"2016-02-16T13:44:45","date_gmt":"2016-02-16T12:44:45","guid":{"rendered":"https:\/\/przedszkole121.edu.wroclaw.pl\/?page_id=442"},"modified":"2024-02-11T18:11:49","modified_gmt":"2024-02-11T17:11:49","slug":"akceptacja","status":"publish","type":"page","link":"https:\/\/przedszkole121.edu.wroclaw.pl\/index.php\/strona-glowna\/akceptacja\/","title":{"rendered":"Akceptacja"},"content":{"rendered":"<div class=\"wpb-content-wrapper\"><p>[vc_row][vc_column][vc_column_text]W \u201eZielonym Przedszkolu\u201d najwa\u017cniejsze s\u0105 dzieci, kt\u00f3rym proponujemy otwarte wyra\u017canie swoich emocji, odczu\u0107 i potrzeb oraz empati\u0119 do siebie i innych. Nauczyciele pos\u0142uguj\u0105 si\u0119 naturalnymi, niewymuszonymi drogami komunikacji z podopiecznymi i maj\u0105 do ka\u017cdego wychowanka indywidualne podej\u015bcie. W pracy dydaktycznej , opieku\u0144czej i wychowawczej preferowany jest otwarty styl pedagogiczny i aktywne metody pracy. Tworzone s\u0105 takie sytuacje edukacyjne , kt\u00f3re wyzwalaj\u0105 w ka\u017cdym dziecku jego indywidualny potencja\u0142.[\/vc_column_text][\/vc_column][\/vc_row]<\/p>\n<\/div>","protected":false},"excerpt":{"rendered":"<p>[vc_row][vc_column][vc_column_text]W \u201eZielonym Przedszkolu\u201d najwa\u017cniejsze s\u0105 dzieci, kt\u00f3rym proponujemy otwarte wyra\u017canie swoich emocji, odczu\u0107 i potrzeb oraz empati\u0119 do siebie i innych. Nauczyciele pos\u0142uguj\u0105 si\u0119 naturalnymi, niewymuszonymi drogami komunikacji z podopiecznymi [&hellip;]<\/p>\n","protected":false},"author":15,"featured_media":0,"parent":15,"menu_order":0,"comment_status":"closed","ping_status":"closed","template":"","meta":{"ngg_post_thumbnail":0,"footnotes":""},"class_list":["post-442","page","type-page","status-publish","hentry","clearfix"],"_links":{"self":[{"href":"https:\/\/przedszkole121.edu.wroclaw.pl\/index.php\/wp-json\/wp\/v2\/pages\/442","targetHints":{"allow":["GET"]}}],"collection":[{"href":"https:\/\/przedszkole121.edu.wroclaw.pl\/index.php\/wp-json\/wp\/v2\/pages"}],"about":[{"href":"https:\/\/przedszkole121.edu.wroclaw.pl\/index.php\/wp-json\/wp\/v2\/types\/page"}],"author":[{"embeddable":true,"href":"https:\/\/przedszkole121.edu.wroclaw.pl\/index.php\/wp-json\/wp\/v2\/users\/15"}],"replies":[{"embeddable":true,"href":"https:\/\/przedszkole121.edu.wroclaw.pl\/index.php\/wp-json\/wp\/v2\/comments?post=442"}],"version-history":[{"count":2,"href":"https:\/\/przedszkole121.edu.wroclaw.pl\/index.php\/wp-json\/wp\/v2\/pages\/442\/revisions"}],"predecessor-version":[{"id":1972,"href":"https:\/\/przedszkole121.edu.wroclaw.pl\/index.php\/wp-json\/wp\/v2\/pages\/442\/revisions\/1972"}],"up":[{"embeddable":true,"href":"https:\/\/przedszkole121.edu.wroclaw.pl\/index.php\/wp-json\/wp\/v2\/pages\/15"}],"wp:attachment":[{"href":"https:\/\/przedszkole121.edu.wroclaw.pl\/index.php\/wp-json\/wp\/v2\/media?parent=442"}],"curies":[{"name":"wp","href":"https:\/\/api.w.org\/{rel}","templated":true}]}}