
{"id":447,"date":"2016-02-16T13:48:49","date_gmt":"2016-02-16T12:48:49","guid":{"rendered":"https:\/\/przedszkole121.edu.wroclaw.pl\/?page_id=447"},"modified":"2024-02-11T18:17:08","modified_gmt":"2024-02-11T17:17:08","slug":"ekologia","status":"publish","type":"page","link":"https:\/\/przedszkole121.edu.wroclaw.pl\/index.php\/strona-glowna\/ekologia\/","title":{"rendered":"Ekologia"},"content":{"rendered":"<div class=\"wpb-content-wrapper\"><p>[vc_row][vc_column][vc_column_text]Przedszkole rozszerzy\u0142o ofert\u0119 dla dzieci o propozycje z dziedziny ekologii z integralnie powi\u0105zan\u0105 promocj\u0105 zdrowia. Liczne sukcesy osi\u0105gane przez plac\u00f3wk\u0119 oraz jej wychowank\u00f3w potwierdzaj\u0105, \u017ce zar\u00f3wno ca\u0142e grono pracuj\u0105ce w przedszkolu jak i dzieci w pe\u0142ni wykorzystuj\u0105 sw\u00f3j potencja\u0142. Przedszkole 121 \u201eZielone Przedszkole\u201d pochwali\u0107 si\u0119 mo\u017ce uzyskaniem mi\u0119dzynarodowego certyfikatu ekologicznego \u201eZielona Flaga\u201d, kt\u00f3ry nadawany jest instytucjom w wielu krajach \u015bwiata.\u00a0 Trafionym pomys\u0142em na pobudzenie wra\u017cliwo\u015bci i ekologicznej postawy u najm\u0142odszych jest anga\u017cowanie ich w opiek\u0119 nad przedszkolnymi atrakcjami: pionowym ogr\u00f3dkiem , kaloszkow\u0105 rabatk\u0105.\u00a0 Ka\u017cda z sze\u015bciu grup uprawia \u00a0sw\u00f3j warzywnik.\u00a0\u00a0 Dzieci ch\u0119tnie dbaj\u0105 o ro\u015bliny (podlewanie, pielenie, sadzenie), ale tak\u017ce ucz\u0105 si\u0119 o warto\u015bci naturalnie uprawianych produkt\u00f3w i roli natury. Mamy altank\u0119 z dzieci\u0119cymi narz\u0119dziami ogrodniczymi, wiklinowy wigwam, ogr\u00f3d przedszkolny z fabryk\u0105 piasku i boiskiem do pi\u0142ki no\u017cnej.[\/vc_column_text][\/vc_column][\/vc_row][vc_row][vc_column][vc_empty_space][vc_masonry_media_grid grid_id=&#8221;vc_gid:1707671529529-baea721e-1e00-6&#8243;][\/vc_column][\/vc_row]<\/p>\n<\/div>","protected":false},"excerpt":{"rendered":"<p>[vc_row][vc_column][vc_column_text]Przedszkole rozszerzy\u0142o ofert\u0119 dla dzieci o propozycje z dziedziny ekologii z integralnie powi\u0105zan\u0105 promocj\u0105 zdrowia. Liczne sukcesy osi\u0105gane przez plac\u00f3wk\u0119 oraz jej wychowank\u00f3w potwierdzaj\u0105, \u017ce zar\u00f3wno ca\u0142e grono pracuj\u0105ce w [&hellip;]<\/p>\n","protected":false},"author":15,"featured_media":0,"parent":15,"menu_order":0,"comment_status":"closed","ping_status":"closed","template":"","meta":{"ngg_post_thumbnail":0,"footnotes":""},"class_list":["post-447","page","type-page","status-publish","hentry","clearfix"],"_links":{"self":[{"href":"https:\/\/przedszkole121.edu.wroclaw.pl\/index.php\/wp-json\/wp\/v2\/pages\/447","targetHints":{"allow":["GET"]}}],"collection":[{"href":"https:\/\/przedszkole121.edu.wroclaw.pl\/index.php\/wp-json\/wp\/v2\/pages"}],"about":[{"href":"https:\/\/przedszkole121.edu.wroclaw.pl\/index.php\/wp-json\/wp\/v2\/types\/page"}],"author":[{"embeddable":true,"href":"https:\/\/przedszkole121.edu.wroclaw.pl\/index.php\/wp-json\/wp\/v2\/users\/15"}],"replies":[{"embeddable":true,"href":"https:\/\/przedszkole121.edu.wroclaw.pl\/index.php\/wp-json\/wp\/v2\/comments?post=447"}],"version-history":[{"count":6,"href":"https:\/\/przedszkole121.edu.wroclaw.pl\/index.php\/wp-json\/wp\/v2\/pages\/447\/revisions"}],"predecessor-version":[{"id":6305,"href":"https:\/\/przedszkole121.edu.wroclaw.pl\/index.php\/wp-json\/wp\/v2\/pages\/447\/revisions\/6305"}],"up":[{"embeddable":true,"href":"https:\/\/przedszkole121.edu.wroclaw.pl\/index.php\/wp-json\/wp\/v2\/pages\/15"}],"wp:attachment":[{"href":"https:\/\/przedszkole121.edu.wroclaw.pl\/index.php\/wp-json\/wp\/v2\/media?parent=447"}],"curies":[{"name":"wp","href":"https:\/\/api.w.org\/{rel}","templated":true}]}}