
{"id":5316,"date":"2021-11-17T14:14:29","date_gmt":"2021-11-17T13:14:29","guid":{"rendered":"https:\/\/przedszkole121.edu.wroclaw.pl\/?page_id=5316"},"modified":"2025-02-19T14:57:35","modified_gmt":"2025-02-19T13:57:35","slug":"zamowienia-publiczne","status":"publish","type":"page","link":"https:\/\/przedszkole121.edu.wroclaw.pl\/index.php\/zamowienia-publiczne\/","title":{"rendered":"Zam\u00f3wienia publiczne"},"content":{"rendered":"<h4><span style=\"color: #008000\"><a style=\"color: #008000\" href=\"https:\/\/przedszkole121.edu.wroclaw.pl\/wp-content\/uploads\/sites\/15\/2024\/02\/plan-postepowan-o-udzielenie-zamowien-na-rok-2024.pdf\">Plan udzielania zam\u00f3wie\u0144 publicznych na 2024<\/a><\/span><\/h4>\n<p><a href=\"https:\/\/przedszkole121.edu.wroclaw.pl\/wp-content\/uploads\/sites\/15\/2023\/02\/2023_BZP-00072848_01_P.pdf\"><span style=\"color: #339966\"><strong><span style=\"color: #339966\"><span style=\"color: #008080\"><span style=\"color: #008000\">Plan udzielenia zam\u00f3wie\u0144 publicznych na 2023<\/span><\/span><\/span><\/strong><\/span><\/a><\/p>\n<p><strong><span style=\"color: #008000\"><a href=\"https:\/\/przedszkole121.edu.wroclaw.pl\/wp-content\/uploads\/sites\/15\/2022\/02\/plan-udzielania-zamowien-publicznych-na-2022-r..pdf\"><span style=\"color: #008000\">Plan udzielenia zam\u00f3wie\u0144 publicznych na 2022<\/span><\/a> <\/span><\/strong><\/p>\n<p><strong><span style=\"color: #008000\"><a style=\"color: #008000\" href=\"https:\/\/przedszkole121.edu.wroclaw.pl\/wp-content\/uploads\/sites\/15\/2025\/02\/2025_BZP-00059114_01_P.pdf\">Plan udzielania zam\u00f3wie\u0144 publicznych na 2025<\/a><\/span><\/strong><\/p>\n<p>&nbsp;<\/p>\n<p>&nbsp;<\/p>\n","protected":false},"excerpt":{"rendered":"<p>Plan udzielania zam\u00f3wie\u0144 publicznych na 2024 Plan udzielenia zam\u00f3wie\u0144 publicznych na 2023 Plan udzielenia zam\u00f3wie\u0144 publicznych na 2022 Plan udzielania zam\u00f3wie\u0144 publicznych na 2025 &nbsp; &nbsp;<\/p>\n","protected":false},"author":22,"featured_media":0,"parent":0,"menu_order":0,"comment_status":"closed","ping_status":"closed","template":"","meta":{"ngg_post_thumbnail":0,"footnotes":""},"class_list":["post-5316","page","type-page","status-publish","hentry","clearfix"],"_links":{"self":[{"href":"https:\/\/przedszkole121.edu.wroclaw.pl\/index.php\/wp-json\/wp\/v2\/pages\/5316","targetHints":{"allow":["GET"]}}],"collection":[{"href":"https:\/\/przedszkole121.edu.wroclaw.pl\/index.php\/wp-json\/wp\/v2\/pages"}],"about":[{"href":"https:\/\/przedszkole121.edu.wroclaw.pl\/index.php\/wp-json\/wp\/v2\/types\/page"}],"author":[{"embeddable":true,"href":"https:\/\/przedszkole121.edu.wroclaw.pl\/index.php\/wp-json\/wp\/v2\/users\/22"}],"replies":[{"embeddable":true,"href":"https:\/\/przedszkole121.edu.wroclaw.pl\/index.php\/wp-json\/wp\/v2\/comments?post=5316"}],"version-history":[{"count":11,"href":"https:\/\/przedszkole121.edu.wroclaw.pl\/index.php\/wp-json\/wp\/v2\/pages\/5316\/revisions"}],"predecessor-version":[{"id":6548,"href":"https:\/\/przedszkole121.edu.wroclaw.pl\/index.php\/wp-json\/wp\/v2\/pages\/5316\/revisions\/6548"}],"wp:attachment":[{"href":"https:\/\/przedszkole121.edu.wroclaw.pl\/index.php\/wp-json\/wp\/v2\/media?parent=5316"}],"curies":[{"name":"wp","href":"https:\/\/api.w.org\/{rel}","templated":true}]}}