
{"id":858,"date":"2016-08-31T14:26:34","date_gmt":"2016-08-31T12:26:34","guid":{"rendered":"https:\/\/przedszkole121.edu.wroclaw.pl\/?page_id=858"},"modified":"2026-03-12T11:40:31","modified_gmt":"2026-03-12T10:40:31","slug":"1-2","status":"publish","type":"page","link":"https:\/\/przedszkole121.edu.wroclaw.pl\/index.php\/informacje-i-dokumenty\/1-2\/","title":{"rendered":"1,5%"},"content":{"rendered":"<div class=\"wpb-content-wrapper\"><p>[vc_row][vc_column][vc_column_text css_animation=&#8221;left-to-right&#8221; css=&#8221;&#8221;]<strong><span style=\"color: #008000\">DRODZY RODZICE !<\/span><\/strong><\/p>\n<p>Ka\u017cdego roku , do ko\u0144ca kwietnia trwa czas rozlicze\u0144 podatkowych, w zwi\u0105zku z czym wszyscy mamy prawo przekaza\u0107 sw\u00f3j 1,5% na rzecz organizacji po\u017cytku publicznego. Od 2014 roku nasze Przedszkole nr 121 \u201eZielone Przedszkole\u201d wsp\u00f3\u0142pracuje z organizacj\u0105 po\u017cytku publicznego<span style=\"color: #0000ff\"><strong>\u201eFundacja Strachota we Wroc\u0142awiu\u201d<\/strong><\/span> mieszcz\u0105c\u0105 si\u0119 na ul. Swojczyckiej 118 (www. strachota.tk)<\/p>\n<p>Dzi\u0119kuj\u0105c Pa\u0144stwu za wp\u0142aty z ubieg\u0142ych lat , liczymy na Wasz\u0105 pami\u0119\u0107 i hojno\u015b\u0107 tak\u017ce w tym roku, dlatego pozwalamy sobie przypomnie\u0107 informacje niezb\u0119dne do przekazania 1,5% podatku dochodowego za 2023 rok na nasze przedszkole.<\/p>\n<p><strong><span style=\"color: #ff0000\">Wype\u0142niaj\u0105c PIT podajemy w nazwie Organizacja Po\u017cytku Publicznego:<\/span><\/strong><br \/>\n<strong><span style=\"color: #ff0000\"> \u201eFundacja Strachota we Wroc\u0142awiu\u201d<\/span><\/strong><br \/>\n<strong><span style=\"color: #ff0000\"> KRS Fundacji \u2013 0000224647<\/span><\/strong><\/p>\n<p><strong><span style=\"color: #ff0000\">W opisie koniecznie nale\u017cy poda\u0107 Przedszkole nr 121 \u201eZielone Przedszkole\u201d<\/span><\/strong><\/p>\n<p>Uzbierana kwota wraca do przedszkola (pomniejszona\u00a0 o\u00a0 koszty administracyjne) Wyra\u017caj\u0105c wdzi\u0119czno\u015b\u0107 za Pa\u0144stwa szczodro\u015b\u0107 chcemy jednocze\u015bnie poinformowa\u0107 o rezultatach tej akcji w latach ubieg\u0142ych:<\/p>\n<ul style=\"list-style-type: square\">\n<li>za rok 2005 zebrali\u015bmy kwot\u0119 -1 114.35<br \/>\nza rok 2006 zebrali\u015bmy kwot\u0119 &#8211; 2 827.88<br \/>\nza rok 2007 zebrali\u015bmy kwot\u0119 -21 544.45<br \/>\nza rok 2008 zebrali\u015bmy kwot\u0119 -27 918,40<br \/>\nza rok 2009 zebrali\u015bmy kwot\u0119 &#8211; 16 245,02<br \/>\nza rok 2010 zebrali\u015bmy kwot\u0119 &#8211; 15 078,32 z\u0142<br \/>\nza rok 2011 zebrali\u015bmy kwot\u0119 &#8211; 6330,00 z\u0142<br \/>\nza rok 2012 zebrali\u015bmy kwot\u0119 &#8211; 3321,80 z\u0142<br \/>\nza rok 2013 zebrali\u015bmy kwot\u0119 &#8211; 2690,70 z\u0142<br \/>\nza rok 2014 zebrali\u015bmy kwot\u0119- 2417,54 z\u0142<br \/>\nza rok 2015 zebrali\u015bmy kwot\u0119- 2616,10 z\u0142<br \/>\nza rok 2016 zebrali\u015bmy kwot\u0119- 2753,90 z\u0142<\/li>\n<li>za rok 2017 zebrali\u015bmy kwot\u0119- 4133,80 z\u0142<\/li>\n<li>\u00a0 za rok 2018 zebrali\u015bmy kwot\u0119 &#8211; 3446,90 z\u0142<\/li>\n<li>\u00a0 za rok 2019 zebrali\u015bmy kwot\u0119 &#8211; 5365,90 z\u0142<\/li>\n<li>za rok 2020 zebrali\u015bmy kwot\u0119 &#8211; 4068,70 z\u0142<\/li>\n<li>za rok 2021 zebrali\u015bmy kwot\u0119- 5883,30 z\u0142<\/li>\n<li>za rok 2022 zebrali\u015bmy kwot\u0119 9191,00 z\u0142<\/li>\n<li>za rok 2023 zebrali\u015bmy kwot\u0119 8912,10 z\u0142<\/li>\n<li>za rok 2024 zebrali\u015bmy kwot\u0119- 14 400 z\u0142<\/li>\n<li>za rok 2025 zebrali\u015bmy kwot\u0119-18043,10<\/li>\n<\/ul>\n<p>Do tej pory za w\/w kwoty zakupili\u015bmy:( wszystko mo\u017cna obejrze\u0107 na zdj\u0119ciach) na nasze podw\u00f3rko przedszkolne &#8211; drewniany poci\u0105g oraz du\u017cy zestaw zabawowy \u201eSmerfetka\u201d, g\u00f3rk\u0119 wspinaczkow\u0105 plastikow\u0105- szar\u0105, 2 stoliki z \u0142aweczkami ( plastikowe, zielone na podw\u00f3rko przedszkolne), plandek\u0119 do piaskownicy ; komplety mebli do sal grup ( r\u00f3wnie\u017c stoliki i krzese\u0142ka) ; maxi kuchni\u0119 do grupy \u201dSikorek\u201d. Przy udziale pieni\u0105\u017ck\u00f3w z 1,5% przeprowadzono remonty na naszych trzech patiach, gdzie pojawi\u0142y si\u0119 opr\u00f3cz fontanny, ogr\u00f3dek wertykalny, nowe skrzynie z ro\u015blinami, nowe nasady ro\u015blin pn\u0105cych, nowa nawierzchnia, kolorowa \u0142awka. Odnowili\u015bmy tak\u017ce taras ze stojakiem na rowery.<br \/>\nWe wsp\u00f3\u0142udziale \u015brodk\u00f3w z 1,5% wyremontowali\u015bmy nasz\u0105 sal\u0119 rekreacyjn\u0105. W roku 2024 dofinansowali\u015bmy zakup szklanej \u015bciany do sali Integracji Sensorycznej<br \/>\nZakupy nowych element\u00f3w: \u201eDomku z zestawem tablic\u201d oraz \u201eSklepiku\u201d, tablicy interaktywnej, laptopa, zestawu narz\u0119dzi ogrodowych dla dzieci, rolet na sal\u0119 rekreacyjn\u0105, rolet do sali grupy \u201eKaczuszek\u201d, dw\u00f3ch plandek do piaskownicy,\u00a0 by\u0142 mo\u017cliwy tak\u017ce dzi\u0119ki posiadanym \u015brodkom. Dzi\u0119ki wp\u0142aconym przez Pa\u0144stwa pieni\u0105\u017ckom na podw\u00f3rku przedszkolnym pojawi\u0142a si\u0119 &#8222;Fabryka piasku&#8221; oraz zestaw do \u0107wicze\u0144 z \u017c\u00f3\u0142t\u0105 rur\u0105, siatk\u0105 i elementami do utrzymania r\u00f3wnowagi. Pojawi\u0142o si\u0119 boisko do gry.<\/p>\n<p>W 2018 zakupili\u015bmy aparat fotograficzny, nowe naklejki na drzwi wej\u015bciowe. W 2021 r.\u00a0 zrobili\u015bmy siedziska wok\u00f3\u0142 piaskownicy i scen\u0119 letni\u0105<br \/>\nPrzekazane pieni\u0105\u017cki z 1,5% pomagaj\u0105 nam realizowa\u0107 zamierzenia i plany zwi\u0105zane ze stwarzaniem naszym przedszkolakom coraz to ciekawszych przestrzeni do dzia\u0142a\u0144, zabaw i rozwoju dla naszych dzieci.<br \/>\nDzi\u0119kuj\u0105c za to, co uda\u0142o si\u0119 nam zrobi\u0107 do tej pory prosimy o dalsz\u0105 pomoc.<span style=\"color: #ff0000\"><strong>\u00a0<\/strong><\/span> W 2023 r.\u00a0 zrobili\u015bmy remont dw\u00f3ch taras\u00f3w, kwota 9.00 z\u0142 zosta\u0142a do\u0142o\u017cona do og\u00f3lnej kwoty , w roku 2025 zakupili\u015bmy dwie hu\u015btawki i \u0142awk\u0119 okr\u0105g\u0142\u0105 przed wej\u015bciem do budynku. wykonali\u015bmy nowy parking dla dzieci\u0119cych rowerk\u00f3w. Mamy du\u017co pomys\u0142\u00f3w, ch\u0119ci!!!<br \/>\n<strong><span style=\"color: #008000\">Prosimy o wp\u0142aty!<\/span><\/strong><br \/>\n<span style=\"color: #0000ff\">Dyrektor wraz z dzie\u0107mi i pracownikami przedszkola!<\/span>[\/vc_column_text][vc_empty_space][\/vc_column][\/vc_row][vc_row][vc_column][vc_masonry_media_grid grid_id=&#8221;vc_gid:1773311214427-1d7a0172-88a9-9&#8243; include=&#8221;891,890,889,888,887,886,885,884,883,882,881,880,879,878,877,873,872,871,870,869,868,867,866,865,864,863,862&#8243;][\/vc_column][\/vc_row]<\/p>\n<\/div>","protected":false},"excerpt":{"rendered":"<p>[vc_row][vc_column][vc_column_text css_animation=&#8221;left-to-right&#8221; css=&#8221;&#8221;]DRODZY RODZICE ! Ka\u017cdego roku , do ko\u0144ca kwietnia trwa czas rozlicze\u0144 podatkowych, w zwi\u0105zku z czym wszyscy mamy prawo przekaza\u0107 sw\u00f3j 1,5% na rzecz organizacji po\u017cytku publicznego. [&hellip;]<\/p>\n","protected":false},"author":15,"featured_media":0,"parent":19,"menu_order":0,"comment_status":"closed","ping_status":"closed","template":"","meta":{"ngg_post_thumbnail":0,"footnotes":""},"class_list":["post-858","page","type-page","status-publish","hentry","clearfix"],"_links":{"self":[{"href":"https:\/\/przedszkole121.edu.wroclaw.pl\/index.php\/wp-json\/wp\/v2\/pages\/858","targetHints":{"allow":["GET"]}}],"collection":[{"href":"https:\/\/przedszkole121.edu.wroclaw.pl\/index.php\/wp-json\/wp\/v2\/pages"}],"about":[{"href":"https:\/\/przedszkole121.edu.wroclaw.pl\/index.php\/wp-json\/wp\/v2\/types\/page"}],"author":[{"embeddable":true,"href":"https:\/\/przedszkole121.edu.wroclaw.pl\/index.php\/wp-json\/wp\/v2\/users\/15"}],"replies":[{"embeddable":true,"href":"https:\/\/przedszkole121.edu.wroclaw.pl\/index.php\/wp-json\/wp\/v2\/comments?post=858"}],"version-history":[{"count":24,"href":"https:\/\/przedszkole121.edu.wroclaw.pl\/index.php\/wp-json\/wp\/v2\/pages\/858\/revisions"}],"predecessor-version":[{"id":6690,"href":"https:\/\/przedszkole121.edu.wroclaw.pl\/index.php\/wp-json\/wp\/v2\/pages\/858\/revisions\/6690"}],"up":[{"embeddable":true,"href":"https:\/\/przedszkole121.edu.wroclaw.pl\/index.php\/wp-json\/wp\/v2\/pages\/19"}],"wp:attachment":[{"href":"https:\/\/przedszkole121.edu.wroclaw.pl\/index.php\/wp-json\/wp\/v2\/media?parent=858"}],"curies":[{"name":"wp","href":"https:\/\/api.w.org\/{rel}","templated":true}]}}