
{"id":930,"date":"2016-09-06T11:55:26","date_gmt":"2016-09-06T09:55:26","guid":{"rendered":"https:\/\/przedszkole121.edu.wroclaw.pl\/?page_id=930"},"modified":"2025-09-16T15:12:57","modified_gmt":"2025-09-16T13:12:57","slug":"procedury-wewnetrzne","status":"publish","type":"page","link":"https:\/\/przedszkole121.edu.wroclaw.pl\/index.php\/informacje-i-dokumenty\/procedury-wewnetrzne\/","title":{"rendered":"Procedury wewnetrzne"},"content":{"rendered":"<div class=\"wpb-content-wrapper\"><p>[vc_row][vc_column][\/vc_column][\/vc_row][vc_row][vc_column][vc_tta_accordion color=&#8221;green&#8221; spacing=&#8221;3&#8243; gap=&#8221;3&#8243; active_section=&#8221;1&#8243;][vc_tta_section title=&#8221;Procedura post\u0119powania w przypadku zachorowania dziecka&#8221; tab_id=&#8221;1473155577618-9f908c9a-efcd&#8221;][vc_column_text css_animation=&#8221;top-to-bottom&#8221;]<\/p>\n<ul style=\"text-align: justify\">\n<li style=\"text-align: justify\"><strong><u>Do przedszkola mo\u017cna przyprowadza\u0107 jedynie zdrowe dziecko !!!<\/u><\/strong><\/li>\n<li style=\"text-align: justify\"><strong>Nie nale\u017cy przyprowadza\u0107 dziecka w sytuacji gdy :<\/strong><\/li>\n<li style=\"text-align: justify\"><strong>Wyst\u0105pi\u0142a gor\u0105czka lub stan podgor\u0105czkowy<\/strong><\/li>\n<li style=\"text-align: justify\"><strong>Pojawi\u0142a si\u0119 na sk\u00f3rze wysypka, rumie\u0144 lub \u015bwi\u0105d<\/strong><\/li>\n<li style=\"text-align: justify\"><strong>Wyst\u0105pi\u0142o zaczerwienienie \u015bluz\u00f3wek oka, pojawi\u0142a si\u0119 ropna wydzielina lub silne \u0142zawienie<\/strong><\/li>\n<li style=\"text-align: justify\"><strong>Wyst\u0105pi\u0142a biegunka, wymioty, b\u00f3l brzucha<\/strong><\/li>\n<li style=\"text-align: justify\"><strong>Dziecko skar\u017cy si\u0119 na b\u00f3l ucha<\/strong><\/li>\n<li style=\"text-align: justify\"><strong>Zg\u0142asza problemy z oddychaniem , ma \u015bwiszcz\u0105cy lub charcz\u0105cy oddech<\/strong><\/li>\n<li style=\"text-align: justify\"><strong>Ma uporczywy kaszel lub katar<\/strong><\/li>\n<\/ul>\n<ol style=\"text-align: justify\">\n<li><strong>Je\u017celi w trakcie pobytu dziecka w przedszkolu wyst\u0105pi\u0105 objawy chorobowe , rodzice zostan\u0105 niezw\u0142ocznie powiadomieni o tym fakcie i poproszeni o odebranie dziecka z przedszkola.<\/strong><\/li>\n<li><strong>Do czasu odbioru dziecka przez opiekuna w miar\u0119 mo\u017cliwo\u015bci dziecko zostanie odizolowane od reszty grupy.<\/strong><\/li>\n<li><strong>Dziecku nie zostan\u0105 podane \u017cadne leki przeciwgor\u0105czkowe lub przeciwb\u00f3lowe z uwagi na brak uprawnie\u0144 pracownik\u00f3w do podawania lek\u00f3w ( po podaniu leku mo\u017ce nast\u0105pi\u0107 gro\u017ana dla \u017cycia reakcja alergiczna)<\/strong><\/li>\n<li><strong>W razie uzasadnionych w\u0105tpliwo\u015bci nauczyciel ma prawo poprosi\u0107 rodzica o dostarczenie za\u015bwiadczenia lekarskiego o braku przeciwwskaza\u0144 zdrowotnych do uczestniczenia dziecka w zaj\u0119ciach przedszkolnych.<\/strong><\/li>\n<li><strong>W przypadku wyst\u0105pienia choroby zaka\u017anej prosimy o poinformowanie o tym fakcie dyrektora lub nauczycielki w grupie.<\/strong><\/li>\n<\/ol>\n<p style=\"text-align: justify\"><strong>\u00a0<\/strong><\/p>\n<p style=\"text-align: justify\"><span style=\"color: #ff0000\"><strong>RODZICU PAMIETAJ<\/strong><\/span><\/p>\n<p style=\"text-align: justify\"><span style=\"color: #ff0000\"><strong>Przyprowadzanie do przedszkola dziecka chorego najcz\u0119\u015bciej prowadzi do pog\u0142\u0119bienia choroby , ponadto stanowi zagro\u017cenie dla innych przedszkolak\u00f3w i pracownik\u00f3w przedszkola.<\/strong><\/span><\/p>\n<p style=\"text-align: justify\"><strong>\u00a0<\/strong><\/p>\n<p>[\/vc_column_text][\/vc_tta_section][vc_tta_section title=&#8221;Procedura przyprowadzania i odbierania dzieci z przedszkola&#8221; tab_id=&#8221;1473155577682-8a560da9-445c&#8221;][vc_column_text css_animation=&#8221;right-to-left&#8221;]<\/p>\n<p style=\"text-align: justify\"><strong><em>\u00a0\u00a0\u00a0\u00a0\u00a0\u00a0\u00a0\u00a0 PROCEDURA \u00a0PRZYPROWADZANIA DZIECI \u00a0DO PRZEDSZKOLA <\/em><\/strong><\/p>\n<ul style=\"text-align: justify\">\n<li>Dzieci nale\u017cy przyprowadza\u0107 do przedszkola do godziny 8<sup>30<\/sup><\/li>\n<li>Potrzeb\u0119 p\u00f3\u017aniejszego przyprowadzenia dziecka do przedszkola nale\u017cy zg\u0142osi\u0107 nauczycielce w grupie dzie\u0144 wcze\u015bniej lub telefonicznie w tym samym dniu, ale nie p\u00f3\u017aniej ni\u017c do godziny 9<sup>00<\/sup><\/li>\n<li>Rodzice lub opiekunowie przyprowadzaj\u0105c dziecko do przedszkola maj\u0105 obowi\u0105zek przekaza\u0107 je pod opiek\u0119 nauczycielki. <strong><em>Niedopuszczalne jest pozostawienie dziecka samego przed przedszkolem, tak, aby &#8222;samo wesz\u0142o&#8221;.<\/em><\/strong><\/li>\n<li>Dziecko przyprowadzane do przedszkola musi by\u0107 zdrowe.<\/li>\n<li>W trosce o zdrowie innych dzieci, w wypadku podejrze\u0144 nauczycielki o chorobie dziecka (gor\u0105czka, kaszel, katar, wysypka lub inne ) nauczycielka konsultuje przyj\u0119cie dziecka do przedszkola z rodzicem.<\/li>\n<\/ul>\n<p style=\"text-align: justify\"><strong><em>PROCEDURA ODBIORU DZIECKA Z PRZEDSZKOLA<\/em><\/strong><\/p>\n<ul>\n<li style=\"text-align: justify\">Dzieci s\u0105 odbierane z przedszkola przez swoich rodzic\u00f3w lub prawnych opiekun\u00f3w.<\/li>\n<li style=\"text-align: justify\">Fakt odbierania dziecka z przedszkola, szczeg\u00f3lnie gdy odbywa si\u0119 to z ogrodu przedszkolnego, rodzice powinni zaakcentowa\u0107, tak aby nauczyciel odpowiedzialny za dziecko wiedzia\u0142, \u017ce zosta\u0142o odebrane.<\/li>\n<li style=\"text-align: justify\">Rodzice lub prawni opiekunowie mog\u0105 upowa\u017cni\u0107 do odbioru dziecka z \u00a0przedszkola inne osoby pe\u0142noletnie.<\/li>\n<li style=\"text-align: justify\">Osoba niepe\u0142noletnia nie mo\u017ce odbiera\u0107 dziecka z przedszkola.<\/li>\n<li style=\"text-align: justify\">Rodzice lub prawni opiekunowie podpisuj\u0105c upowa\u017cnienie dla innej osoby bior\u0105 pe\u0142n\u0105 odpowiedzialno\u015b\u0107 za \u017cycie i bezpiecze\u0144stwo dziecka w czasie powrotu do domu z upowa\u017cnion\u0105 osob\u0105.<\/li>\n<li style=\"text-align: justify\">W przypadkach konieczno\u015bci odebrania dziecka przez osob\u0119 nieletni\u0105 rodzice wyra\u017caj\u0105 na pi\u015bmie zgod\u0119 opatrzon\u0105 stwierdzeniem, i\u017c ponosz\u0105 pe\u0142n\u0105 i ca\u0142kowit\u0105 odpowiedzialno\u015b\u0107 za zdrowie i \u017cycie nieletnich podczas powrotu do domu.<\/li>\n<li style=\"text-align: justify\">Upowa\u017cnienia dokonuje si\u0119 pisemnie na odpowiednim druku<\/li>\n<li style=\"text-align: justify\">Druki upowa\u017cnie\u0144 wydaje nauczyciel-wychowawca grupy, do kt\u00f3rej ucz\u0119szcza dziecko lub mo\u017cna pobra\u0107 ze strony internetowej przedszkola.<\/li>\n<li style=\"text-align: justify\">Upowa\u017cnienie wa\u017cne jest na jeden rok szkolny, podpisem w kolejnym roku szkolnym rodzic potwierdza, \u017ce upowa\u017cnione osoby s\u0105 nadal w\u0142a\u015bciwie wymienione.<\/li>\n<li style=\"text-align: justify\">Upowa\u017cnienia przechowuje nauczyciel w dokumentacji grupy w zamkni\u0119tym biurku. Listy powinny by\u0107 aktualizowane przez rodzica.<\/li>\n<li style=\"text-align: justify\">Na telefoniczn\u0105 pro\u015bb\u0119 rodzica osobie bez pisemnego upowa\u017cnienia dziecko nie mo\u017ce by\u0107 wydane.<\/li>\n<li style=\"text-align: justify\">W razie jednorazowej sytuacji zmuszaj\u0105cej rodzic\u00f3w do odebrania dziecka przez inn\u0105 osob\u0119 ni\u017c wskazana w upowa\u017cnieniu, rodzic powinien zg\u0142osi\u0107 ten fakt rano nauczycielce w grupie wraz z pisemnym upowa\u017cnieniem dla tej osoby do odbioru w danym dniu.<\/li>\n<li style=\"text-align: justify\">Na pro\u015bb\u0119 nauczyciela osoba odbieraj\u0105ca dziecko z przedszkola powinna okaza\u0107 potwierdzaj\u0105cy jej to\u017csamo\u015b\u0107 dokument ze zdj\u0119ciem.<\/li>\n<li style=\"text-align: justify\">Osoba odbieraj\u0105ca dziecko nie mo\u017ce by\u0107 pod wp\u0142ywem alkoholu lub \u015brodk\u00f3w odurzaj\u0105cych.<\/li>\n<li style=\"text-align: justify\">Rodzice lub prawni opiekunowie maj\u0105 obowi\u0105zek odebrania dziecka z przedszkola najp\u00f3\u017aniej do okre\u015blonego czasu funkcjonowania plac\u00f3wki tj. do godz.17<sup>00<\/sup><\/li>\n<li style=\"text-align: justify\">W przypadku nieodebrania dziecka z przedszkola po godzinach funkcjonowania plac\u00f3wki nauczyciel odpowiedzialny za dziecko zobowi\u0105zany jest do zorganizowania odbioru dziecka:<\/li>\n<li style=\"text-align: justify\">kontakt telefoniczny z rodzicami;<\/li>\n<li style=\"text-align: justify\">kontakt telefoniczny z inn\u0105 upowa\u017cnion\u0105 osob\u0105;<\/li>\n<li style=\"text-align: justify\">przekazanie informacji na policj\u0119.<\/li>\n<li style=\"text-align: justify\">Do czasu odebrania dziecka przez rodzic\u00f3w, inn\u0105 upowa\u017cnion\u0105 osob\u0119 lub policj\u0119 nauczyciel nie mo\u017ce wyj\u015b\u0107 z dzieckiem poza teren przedszkola, ani pozostawi\u0107 dziecka pod opiek\u0105 innej nieupowa\u017cnionej osoby.<\/li>\n<\/ul>\n<p>[\/vc_column_text][\/vc_tta_section][vc_tta_section title=&#8221;Procedura rejestrowania rzeczywistego pobytu dziecka w przedszkolu&#8221; tab_id=&#8221;1535311145782-1f5b8571-9b59&#8243;][vc_column_text]<\/p>\n<p style=\"text-align: center\"><strong>ZASADY KORZYSTANIA Z ELEKTRONICZNEJ EWIDENCJI CZASU POBYTU DZIECKA W\u00a0PRZEDSZKOLU NR 121 \u201eZIELONYM PRZEDSZKOLU\u201d\u00a0 UL. TRAMWAJOWA 34 WE WROC\u0141AWIU<\/strong><\/p>\n<ul>\n<li><strong> 1<\/strong><\/li>\n<\/ul>\n<p>KARTA DO ELEKTRONICZNEJ EWIDENCJI POBYTU DZIECKA W PRZEDSZKOLU<\/p>\n<ol>\n<li>Dla ka\u017cdego dziecka przeznaczona jest karta lub brelok oznaczona indywidualnym numerem. Karta i brelok maj\u0105 takie same funkcjonalno\u015bci.<\/li>\n<\/ol>\n<ol>\n<li>Karta i brelok nie s\u0105 imienne- posiadaj\u0105 numer identyfikacyjny.<\/li>\n<\/ol>\n<ol>\n<li>Karta jest w\u0142asno\u015bci\u0105 Przedszkola nr 121 \u201eZielonego Przedszkola\u201d ul. Tramwajowa 34 we Wroc\u0142awiu. . Nie nale\u017cy umieszcza\u0107 na niej \u017cadnych napis\u00f3w, znak\u00f3w, rysunk\u00f3w, naklejek itp.<\/li>\n<li>Rodzic zobowi\u0105zany jest do zwrotu karty na koniec edukacji w Przedszkolu.<\/li>\n<\/ol>\n<ol>\n<li>Rodzic\/opiekun otrzymuj\u0105 bezp\u0142atnie \u00a0karty lub breloki i zobowi\u0105zuje si\u0119 do rejestrowania za jej pomoc\u0105 czasu pobytu dziecka w przedszkolu w momencie wej\u015bcia i wyj\u015bcia z budynku przedszkola.<\/li>\n<li>Fakt utraty karty <strong>musi zosta\u0107 niezw\u0142ocznie zg\u0142oszony<\/strong> do dyrektora Przedszkola nr 121 \u201eZielonego Przedszkola\u201d oraz do wychowawc\u00f3w grup.<\/li>\n<li>W przypadku utraty lub zniszczenia karty b\u0119d\u0105cej w\u0142asno\u015bci\u0105 Przedszkola nr 121 \u201eZielonego Przedszkola\u201d rodzic\/opiekun zostaje obci\u0105\u017cony kwot\u0105 rekompensuj\u0105c\u0105 koszt zakupu nowej karty.<\/li>\n<\/ol>\n<ul>\n<li><strong> 2\u00a0<\/strong>DODATKOWE KARTY DO ELEKTRONICZNEJ EWIDENCJI POBYTU DZIECKA W\u00a0PRZEDSZKOLU<\/li>\n<\/ul>\n<ol>\n<li>Rodzic\/opiekun prawny ma mo\u017cliwo\u015b\u0107 otrzyma\u0107 dodatkow\u0105 kart\u0119 lub brelok, kt\u00f3rej tak\u017ce nie nale\u017cy podpisywa\u0107, nakleja\u0107 naklejek itd. (na ustny lub pisemny wniosek do dyrektora plac\u00f3wki). Dodatkowy brelok lub karta mo\u017ce by\u0107 wyrobiony dla osoby upowa\u017cnionej do odebrania dziecka z przedszkola.<\/li>\n<li>W przypadku zgubienia lub zniszczenia stosuje si\u0119 zapis <strong>\u00a7 1 ust. 7<\/strong><\/li>\n<li>Rodzic\/opiekun prawny ponosi pe\u0142n\u0105 odpowiedzialno\u015b\u0107 za u\u017cytkowanie kart.<\/li>\n<\/ol>\n<p><strong>\u00a0<\/strong><\/p>\n<ul>\n<li><strong> 3\u00a0<\/strong>EWIDENCJA CZASU POBYTU DZIECKA W PRZEDSZKOLU<\/li>\n<\/ul>\n<ol>\n<li>Czytnik do ewidencji pobytu dziecka w przedszkolu umieszczony jest na \u015bcianie \u00a0w holu wej\u015bciowym przy gabinecie dyrektora.<\/li>\n<\/ol>\n<ol>\n<li>Przy\u0142o\u017cenie karty do czytnika \u00a0powinno nast\u0105pi\u0107 niezw\u0142ocznie po wej\u015bciu rodzica\/opiekuna do przedszkola.<\/li>\n<\/ol>\n<ol>\n<li>Zbli\u017cenie karty do czytnika powoduje zaznaczenie godziny wej\u015bcia lub wyj\u015bcia z\u00a0przedszkola dziecka wraz z rodzicem \/opiekunem prawnym.<\/li>\n<\/ol>\n<ol>\n<li>W celu zarejestrowania godziny wej\u015bcia lub wyj\u015bcia dziecka, nale\u017cy zbli\u017cy\u0107 kart\u0119 do czytnika, nie d\u0142u\u017cej ni\u017c na dwie sekundy.<\/li>\n<\/ol>\n<ol>\n<li>Potwierdzenie poprawnego zarejestrowania si\u0119 i wyrejestrowania si\u0119 widnieje na ekranie czytnika w formie napisu \u201eRejestracja\u201d<\/li>\n<\/ol>\n<ol>\n<li>W przypadku niezarejestrowania godziny przyprowadzenia lub odebrania\u00a0dziecka, odp\u0142atno\u015b\u0107 naliczana b\u0119dzie od godz. 7.00 do godz. 17:00. Ka\u017cdego dnia dziecku przys\u0142uguje 5 godzin bezp\u0142atnych.<\/li>\n<\/ol>\n<ol>\n<li>W przypadku zauwa\u017cenia usterki czytnika, rodzic zobowi\u0105zany jest do natychmiastowego przekazania tej informacji dyrektorowi lub wicedyrektorowi, b\u0105d\u017a nauczycielowi na grupie, kt\u00f3ry odnotuje godzin\u0119 przyj\u015bcia lub wyj\u015bcia dziecka w formie papierowej, a\u00a0po usuni\u0119ciu usterki dane te b\u0119d\u0105 wprowadzone do systemu.<\/li>\n<\/ol>\n<ul>\n<li><strong> 4\u00a0<\/strong>SPOS\u00d3B NALICZANIA ODP\u0141ATNO\u015aCI ZA POBYT I WY\u017bYWIENIE DZIECKA W PRZEDSZKOLU<\/li>\n<\/ul>\n<ol>\n<li>Miesi\u0119czna wysoko\u015b\u0107 op\u0142aty za pobyt dziecka w przedszkolu reguluje aktualna Uchwa\u0142a Rady Miejskiej Wroc\u0142awia w sprawie okre\u015blania czasu bezp\u0142atnych zaj\u0119\u0107 oraz ustalania wysoko\u015bci op\u0142at za \u015bwiadczenia udzielane w przedszkolach publicznych prowadzonych przez Gmin\u0119 Wroc\u0142aw w czasie przekraczaj\u0105cym czas bezp\u0142atnych zaj\u0119\u0107.<\/li>\n<\/ol>\n<ol>\n<li>P\u0142atno\u015bci naliczane s\u0105 z do\u0142u na podstawie odczyt\u00f3w z elektronicznej rejestracji pobytu dziecka w przedszkolu.<\/li>\n<li>Do rejestracji pobytu dziecka w Przedszkolu brane jest pod uwag\u0119 pierwsze zdarzenie wej\u015bcia i ostatnie zdarzenie wyj\u015bcia. Pozosta\u0142e s\u0105 przez system ignorowane, s\u0142u\u017c\u0105 tylko do otwierania drzwi wej\u015bciowych.<\/li>\n<li>Stawka \u017cywieniowa za jeden dzie\u0144 pobytu dziecka w przedszkolu wynosi 12,00 z\u0142 ( dwana\u015bcie z\u0142otych\u00a0 )<\/li>\n<\/ol>\n<p>&nbsp;<\/p>\n<p><strong>Zasady korzystania z elektronicznej ewidencji czasu pobytu dziecka w\u00a0Przedszkolu nr 121 \u201eZielonym Przedszkolu\u201d ul. Tramwajowa 34 we Wroc\u0142awiu wchodz\u0105 w \u017cycie od 1 maja 2018 r.<\/strong>[\/vc_column_text][\/vc_tta_section][vc_tta_section title=&#8221;Regulamin korzystania z sali rekreacyjnej&#8221; tab_id=&#8221;1540721331565-07793d45-e415&#8243;][vc_column_text]<\/p>\n<p style=\"text-align: center\"><u>REGULAMIN<\/u><\/p>\n<p style=\"text-align: center\"><u>\u00a0KORZYSTANIA Z SALI REKREACYJNEJ<\/u><\/p>\n<p><u>\u00a0<\/u><\/p>\n<ol>\n<li>Sala rekreacyjna przeznaczona jest wy\u0142\u0105cznie do realizacji zaj\u0119\u0107 dydaktyczno-opieku\u0144czo-wychowawczych, zabaw dzieci, zaj\u0119\u0107 dodatkowych oraz uroczysto\u015bci<\/li>\n<li>Sala rekreacyjna dost\u0119pna jest dla dzieci i os\u00f3b prowadz\u0105cych zaj\u0119cia w godzinach okre\u015blonych przez aktualny ramowy rozk\u0142ad zaj\u0119\u0107.<\/li>\n<li>Z sali rekreacyjnej mog\u0105 korzysta\u0107 dzieci, wy\u0142\u0105cznie pod opiek\u0105 nauczycieli lub instruktor\u00f3w zaj\u0119\u0107 dodatkowych.<\/li>\n<li>Na pocz\u0105tku ka\u017cdego roku szkolnego nauczyciele i instruktorzy omawiaj\u0105 z dzie\u0107mi zasady bezpiecznego korzystania z sali rekreacyjnej.<\/li>\n<li>Osoby prowadz\u0105ce zaj\u0119cia s\u0105 odpowiedzialne za bezpiecze\u0144stwo dzieci przebywaj\u0105cych w\u00a0sali. Niedopuszczalne jest pozostawienie ich bez opieki.<\/li>\n<li>Wszystkie urz\u0105dzenia w sali oraz pomoce dydaktyczne mog\u0105 by\u0107 wykorzystywane zgodnie z ich przeznaczeniem.<\/li>\n<li>Po zako\u0144czeniu zaj\u0119\u0107 i zabaw pomoce dydaktyczne oraz inny sprz\u0119t pomocniczy nale\u017cy uporz\u0105dkowa\u0107 i zostawi\u0107 w\u00a0oznaczonych miejscach. Odpowiedzialni za przeprowadzenie tych czynno\u015bci s\u0105 nauczyciele i instruktorzy.<\/li>\n<li>Podczas uroczysto\u015bci i imprez przedszkolnych w sali rekreacyjnej stosujemy og\u00f3lne zasady:<\/li>\n<\/ol>\n<ul>\n<li>cisza podczas wyst\u0119p\u00f3w,<\/li>\n<li>wychodzenie dopiero po zako\u0144czeniu ca\u0142ego przedstawienia przygotowanego przez wszystkie grupy wyst\u0119puj\u0105ce w danym dniu,<\/li>\n<li>dbanie o\u00a0 wsp\u00f3lny komfort os\u00f3b ogl\u0105daj\u0105cych,<\/li>\n<li>nie rozpraszanie ma\u0142ych aktor\u00f3w,<\/li>\n<li>tulimy p\u0142acz\u0105ce maluszki-rodze\u0144stwo w innym pomieszczeniu,<\/li>\n<li>wy\u0142\u0105czamy telefony,<\/li>\n<\/ul>\n<ol start=\"9\">\n<li>Po zako\u0144czeniu uroczysto\u015bci, rodzic\/opiekun przejmuje odpowiedzialno\u015b\u0107 z<u>a bezpiecze\u0144stwo swojego dziecka na sali rekreacyjnej. <\/u><\/li>\n<li>Podczas trwania zaj\u0119\u0107 dodatkowych wszystkie osoby\u00a0 przechodz\u0105ce\u00a0 przez sal\u0119\u00a0 rekreacyjn\u0105 proszone s\u0105 o szybkie i ciche jej opuszczenie.<\/li>\n<li>Rodzic\/opiekun czeka na dziecko uczestnicz\u0105ce w zaj\u0119ciach na sali rekreacyjnej,\u00a0 w holu przedszkola.<\/li>\n<li>Wchodzimy na sal\u0119 rekreacyjn\u0105 w ochraniaczach\u00a0 na obuwie.<\/li>\n<li>Po zako\u0144czeniu zaj\u0119\u0107, ostatnia osoba wychodz\u0105ca z sali rekreacyjnej jest zobowi\u0105zana do pozostawienia jej w\u00a0nale\u017cytym porz\u0105dku oraz do zamkni\u0119cia okien i drzwi balkonowych.<\/li>\n<\/ol>\n<p>&nbsp;<\/p>\n<p style=\"text-align: center\"><strong>Prosimy o przestrzeganie ustale\u0144 zawartych w regulaminie.<\/strong><\/p>\n<p style=\"text-align: center\"><strong>Pomog\u0105 nam one\u00a0 rado\u015bnie\u00a0 bawi\u0107 si\u0119 i efektywnie\u00a0 pracowa\u0107 wszystkim\u00a0 ka\u017cdego przedszkolnego\u00a0 dnia.<\/strong><\/p>\n<p><u>\u00a0<\/u>[\/vc_column_text][\/vc_tta_section][vc_tta_section title=&#8221;Regulamin korzystania z ogrodu przedszkolnego&#8221; tab_id=&#8221;1540721376755-a9a7c6aa-c656&#8243;][vc_column_text]<u>REGULAMIN KORZYSTANIA \u00a0Z OGRODU PRZEDSZKOLNEGO<\/u><\/p>\n<ol>\n<li>Je\u017celi pozwalaj\u0105 na to warunki atmosferyczne, dzieci uczestnicz\u0105 w zaj\u0119ciach i zabawach w ogrodzie przedszkolnym. W okresie grzewczym przedszkole monitoruje stan powietrza i informuje wszystkich poprzez umieszczenie informacji w holu wej\u015bciowym.<\/li>\n<li>Dzieci mog\u0105 przebywa\u0107 w ogrodzie przedszkolnym wy\u0142\u0105cznie pod opiek\u0105 nauczyciela lub innej osoby doros\u0142ej.<\/li>\n<li>Podczas zabawy dzieci przestrzegaj\u0105 zasad bezpiecze\u0144stwa ustalonych z nauczycielami.<\/li>\n<li>Osoba upowa\u017cniona przez rodzica, w momencie odbioru dziecka powinna posiada\u0107 przy sobie dow\u00f3d osobisty i na \u017c\u0105danie nauczycielki lub osoby pe\u0142ni\u0105cej dy\u017cur w szatni lub na podw\u00f3rku okaza\u0107 go.<\/li>\n<li>Rodzice\/opiekunowie nie mog\u0105 przechodzi\u0107 przez ogrodzenie, oraz odbiera\u0107 w ten sam spos\u00f3b dzieci.<\/li>\n<li>W przypadku pozostania rodzica\/opiekuna w ogrodzie przedszkolnym po odebraniu dziecka (np.\u00a0rozmowa rodzica z nauczycielem), za jego bezpiecze\u0144stwo odpowiada ju\u017c rodzic.<\/li>\n<li>Na po\u017cegnanie dziecko podaje d\u0142o\u0144 nauczycielowi i od tego momentu odpowiedzialno\u015b\u0107 za dziecko przejmuje rodzic\/opiekun.<\/li>\n<li>Niedopuszczalne jest pozostawienie dzieci bez opieki po odebraniu dziecka.<\/li>\n<li>Prosimy o zamykanie bramki wej\u015bciowej ze wzgl\u0119du na bezpiecze\u0144stwo bawi\u0105cych si\u0119 na podw\u00f3rku dzieci.<\/li>\n<li>Osoba odbieraj\u0105ca dziecko z przedszkola powinna wyrejestrowa\u0107 dziecko z systemu rejestruj\u0105cego znajduj\u0105cego si\u0119 holu przedszkola.<\/li>\n<li>Skrzyni\u0119 z zabawkami w ogrodzie przedszkolnym mo\u017ce otwiera\u0107 nauczycielka opiekuj\u0105ca si\u0119 dan\u0105 grup\u0105 dzieci. Po zako\u0144czeniu zabaw zabawki powinny by\u0107 w\u0142o\u017cone do skrzynki ( porz\u0105dkuj\u0105 dzieci).<\/li>\n<li>Piasek z piaskownic nie powinien by\u0107 przenoszony przez dzieci w inne miejsca placu zabaw.<\/li>\n<li>Wszyscy proszeni s\u0105 o szanowanie ro\u015blin, kt\u00f3re umilaj\u0105 zabaw\u0119 i tworz\u0105 dogodne \u015brodowisko do obserwacji przyrody.<\/li>\n<li>Ka\u017cda grupa dba o ro\u015bliny w swoim grupowym warzywniaku.<\/li>\n<\/ol>\n<p>&nbsp;<\/p>\n<p><strong>\u00a0\u00a0\u00a0\u00a0\u00a0\u00a0\u00a0\u00a0\u00a0\u00a0\u00a0\u00a0\u00a0\u00a0 WPROWADZONE ZARZ\u0104DZENIEM DYREKTORA PRZEDSZKOLA Z DNIA 03.05.2017 r.<\/strong><\/p>\n<p><strong><u>\u00a0<\/u><\/strong>[\/vc_column_text][\/vc_tta_section][vc_tta_section title=&#8221;Standardy ochrony ma\u0142oletnich&#8221; tab_id=&#8221;https:\/\/przedszkole121.edu.wroclaw.pl\/wp-content\/uploads\/sites\/15\/2024\/02\/Standardy-ochrony-dzieci-przedszkole-wersja-zupelna1.pdf&#8221;][vc_column_text css=&#8221;&#8221;]<a href=\"https:\/\/przedszkole121.edu.wroclaw.pl\/wp-content\/uploads\/sites\/15\/2024\/02\/Standardy-ochrony-dzieci-przedszkole-wersja-zupelna1.pdf\">Standardy Ochrony Dzieci<\/a>[\/vc_column_text][\/vc_tta_section][vc_tta_section title=&#8221;Regulamin Rady Rodzic\u00f3w&#8221; tab_id=&#8221;https:\/\/przedszkole121.edu.wroclaw.pl\/wp-content\/uploads\/sites\/15\/2025\/09\/Regulamin-Rady-Rodzicow-2025-1.pdf&#8221;][\/vc_tta_section][vc_tta_section title=&#8221;Dzia\u0142&#8221; tab_id=&#8221;1758028321994-60007289-dd63&#8243;][\/vc_tta_section][\/vc_tta_accordion][\/vc_column][\/vc_row]<\/p>\n<\/div>","protected":false},"excerpt":{"rendered":"<p>[vc_row][vc_column][\/vc_column][\/vc_row][vc_row][vc_column][vc_tta_accordion color=&#8221;green&#8221; spacing=&#8221;3&#8243; gap=&#8221;3&#8243; active_section=&#8221;1&#8243;][vc_tta_section title=&#8221;Procedura post\u0119powania w przypadku zachorowania dziecka&#8221; tab_id=&#8221;1473155577618-9f908c9a-efcd&#8221;][vc_column_text css_animation=&#8221;top-to-bottom&#8221;] Do przedszkola mo\u017cna przyprowadza\u0107 jedynie zdrowe dziecko !!! Nie nale\u017cy przyprowadza\u0107 dziecka w sytuacji gdy : Wyst\u0105pi\u0142a [&hellip;]<\/p>\n","protected":false},"author":15,"featured_media":0,"parent":19,"menu_order":0,"comment_status":"closed","ping_status":"closed","template":"","meta":{"ngg_post_thumbnail":0,"footnotes":""},"class_list":["post-930","page","type-page","status-publish","hentry","clearfix"],"_links":{"self":[{"href":"https:\/\/przedszkole121.edu.wroclaw.pl\/index.php\/wp-json\/wp\/v2\/pages\/930","targetHints":{"allow":["GET"]}}],"collection":[{"href":"https:\/\/przedszkole121.edu.wroclaw.pl\/index.php\/wp-json\/wp\/v2\/pages"}],"about":[{"href":"https:\/\/przedszkole121.edu.wroclaw.pl\/index.php\/wp-json\/wp\/v2\/types\/page"}],"author":[{"embeddable":true,"href":"https:\/\/przedszkole121.edu.wroclaw.pl\/index.php\/wp-json\/wp\/v2\/users\/15"}],"replies":[{"embeddable":true,"href":"https:\/\/przedszkole121.edu.wroclaw.pl\/index.php\/wp-json\/wp\/v2\/comments?post=930"}],"version-history":[{"count":17,"href":"https:\/\/przedszkole121.edu.wroclaw.pl\/index.php\/wp-json\/wp\/v2\/pages\/930\/revisions"}],"predecessor-version":[{"id":6612,"href":"https:\/\/przedszkole121.edu.wroclaw.pl\/index.php\/wp-json\/wp\/v2\/pages\/930\/revisions\/6612"}],"up":[{"embeddable":true,"href":"https:\/\/przedszkole121.edu.wroclaw.pl\/index.php\/wp-json\/wp\/v2\/pages\/19"}],"wp:attachment":[{"href":"https:\/\/przedszkole121.edu.wroclaw.pl\/index.php\/wp-json\/wp\/v2\/media?parent=930"}],"curies":[{"name":"wp","href":"https:\/\/api.w.org\/{rel}","templated":true}]}}