
{"id":940,"date":"2016-09-06T12:10:04","date_gmt":"2016-09-06T10:10:04","guid":{"rendered":"https:\/\/przedszkole121.edu.wroclaw.pl\/?page_id=940"},"modified":"2025-09-16T15:35:18","modified_gmt":"2025-09-16T13:35:18","slug":"wzory-drukow","status":"publish","type":"page","link":"https:\/\/przedszkole121.edu.wroclaw.pl\/index.php\/informacje-i-dokumenty\/wzory-drukow\/","title":{"rendered":"Wzory druk\u00f3w"},"content":{"rendered":"<div class=\"wpb-content-wrapper\"><p>[vc_row][vc_column][vc_column_text css=&#8221;&#8221;]<\/p>\n<h2><span style=\"color: #008000\"><a href=\"https:\/\/przedszkole121.edu.wroclaw.pl\/wp-content\/uploads\/sites\/15\/2019\/09\/Zgoda-na-odbieranie-dziecka-o\u015bwiadczenia.doc\"><span style=\"color: #008000\">Zgoda na odbieranie dziecka przez upowa\u017cniona osob\u0119<\/span><\/a><\/span><\/h2>\n<h2><span style=\"color: #008000\"><a style=\"color: #008000\" href=\"https:\/\/przedszkole121.edu.wroclaw.pl\/wp-content\/uploads\/sites\/15\/2025\/09\/dieta-wegetarianska.pdf\">Wniosek-dieta w \u017cywieniu dziecka<\/a><\/span><\/h2>\n<h2><span style=\"color: #008000\"><a style=\"color: #008000\" href=\"https:\/\/przedszkole121.edu.wroclaw.pl\/wp-content\/uploads\/sites\/15\/2021\/08\/DEKLARACJA-RODZICA-na-rok-szkolny-2021-2022.doc\">Deklaracja Rodzica na 2021-2022<\/a><\/span><\/h2>\n<h2><span style=\"color: #008000\"><a style=\"color: #008000\" href=\"https:\/\/przedszkole121.edu.wroclaw.pl\/wp-content\/uploads\/sites\/15\/2018\/09\/ZASADY-ELEKTRONICZNEJ-EWIDENCJI-CZASU-POBYTU-DZIECKA-W.doc\">Zasady elektronicznego pobytu dziecka w przedszkolu<\/a><\/span><\/h2>\n<h2><span style=\"color: #008000\"><a style=\"color: #008000\" href=\"https:\/\/przedszkole121.edu.wroclaw.pl\/wp-content\/uploads\/sites\/15\/2020\/10\/Informacja-dla-rodzicow-dzieci-piecioletnich.docx\"> Informacja dla rodzic\u00f3w dzieci pi\u0119cioletnich dotycz\u0105ca przyspieszenia obowi\u0105zku szkolnego <\/a><\/span><\/h2>\n<p>[\/vc_column_text][\/vc_column][\/vc_row]<\/p>\n<\/div>","protected":false},"excerpt":{"rendered":"<p>[vc_row][vc_column][vc_column_text css=&#8221;&#8221;] Zgoda na odbieranie dziecka przez upowa\u017cniona osob\u0119 Wniosek-dieta w \u017cywieniu dziecka Deklaracja Rodzica na 2021-2022 Zasady elektronicznego pobytu dziecka w przedszkolu Informacja dla rodzic\u00f3w dzieci pi\u0119cioletnich dotycz\u0105ca przyspieszenia [&hellip;]<\/p>\n","protected":false},"author":15,"featured_media":0,"parent":19,"menu_order":0,"comment_status":"closed","ping_status":"closed","template":"","meta":{"ngg_post_thumbnail":0,"footnotes":""},"class_list":["post-940","page","type-page","status-publish","hentry","clearfix"],"_links":{"self":[{"href":"https:\/\/przedszkole121.edu.wroclaw.pl\/index.php\/wp-json\/wp\/v2\/pages\/940","targetHints":{"allow":["GET"]}}],"collection":[{"href":"https:\/\/przedszkole121.edu.wroclaw.pl\/index.php\/wp-json\/wp\/v2\/pages"}],"about":[{"href":"https:\/\/przedszkole121.edu.wroclaw.pl\/index.php\/wp-json\/wp\/v2\/types\/page"}],"author":[{"embeddable":true,"href":"https:\/\/przedszkole121.edu.wroclaw.pl\/index.php\/wp-json\/wp\/v2\/users\/15"}],"replies":[{"embeddable":true,"href":"https:\/\/przedszkole121.edu.wroclaw.pl\/index.php\/wp-json\/wp\/v2\/comments?post=940"}],"version-history":[{"count":31,"href":"https:\/\/przedszkole121.edu.wroclaw.pl\/index.php\/wp-json\/wp\/v2\/pages\/940\/revisions"}],"predecessor-version":[{"id":6615,"href":"https:\/\/przedszkole121.edu.wroclaw.pl\/index.php\/wp-json\/wp\/v2\/pages\/940\/revisions\/6615"}],"up":[{"embeddable":true,"href":"https:\/\/przedszkole121.edu.wroclaw.pl\/index.php\/wp-json\/wp\/v2\/pages\/19"}],"wp:attachment":[{"href":"https:\/\/przedszkole121.edu.wroclaw.pl\/index.php\/wp-json\/wp\/v2\/media?parent=940"}],"curies":[{"name":"wp","href":"https:\/\/api.w.org\/{rel}","templated":true}]}}