
{"id":952,"date":"2016-09-06T12:20:03","date_gmt":"2016-09-06T10:20:03","guid":{"rendered":"https:\/\/przedszkole121.edu.wroclaw.pl\/?page_id=952"},"modified":"2024-09-20T10:17:52","modified_gmt":"2024-09-20T08:17:52","slug":"harmonogram-pracy-nauczycieli","status":"publish","type":"page","link":"https:\/\/przedszkole121.edu.wroclaw.pl\/index.php\/harmonogram-pracy-nauczycieli\/","title":{"rendered":"Harmonogram pracy nauczycieli"},"content":{"rendered":"<h2><span style=\"color: #008000;\"><a style=\"color: #008000;\" href=\"https:\/\/przedszkole121.edu.wroclaw.pl\/wp-content\/uploads\/sites\/15\/2020\/10\/grafik-zajec-dodatkowych-2020-2021.doc\">Harmonogram zaj\u0119\u0107 dodatkowych 2024-2025<\/a><\/span><\/h2>\r\n<h2><a href=\"https:\/\/przedszkole121.edu.wroclaw.pl\/wp-content\/uploads\/sites\/15\/2024\/09\/grafik-nauczycieli-2025.pdf\"><span style=\"color: #008000;\">Harmonogram pracy nauczycieli na rok szkolny 2024-2025<\/span><\/a><\/h2>\r\n<h2><span style=\"color: #008000;\"><strong>G<a style=\"color: #008000;\" href=\"https:\/\/przedszkole121.edu.wroclaw.pl\/wp-content\/uploads\/sites\/15\/2024\/09\/godziny-pracy-specjalistow.pdf\">odziny pracy specjalist\u00f3w<\/a><\/strong><\/span><\/h2>\r\n<h2><span style=\"color: #008000;\"><a style=\"color: #008000;\" href=\"https:\/\/przedszkole121.edu.wroclaw.pl\/wp-content\/uploads\/sites\/15\/2024\/09\/godziny-dostepnosci.pdf\">Godziny dost\u0119pno\u015bci<\/a><\/span><\/h2>\r\n<p>&nbsp;<\/p>\r\n","protected":false},"excerpt":{"rendered":"<p>Harmonogram zaj\u0119\u0107 dodatkowych 2024-2025 Harmonogram pracy nauczycieli na rok szkolny 2024-2025 Godziny pracy specjalist\u00f3w Godziny dost\u0119pno\u015bci &nbsp;<\/p>\n","protected":false},"author":15,"featured_media":0,"parent":0,"menu_order":0,"comment_status":"closed","ping_status":"closed","template":"","meta":{"ngg_post_thumbnail":0,"footnotes":""},"class_list":["post-952","page","type-page","status-publish","hentry","clearfix"],"_links":{"self":[{"href":"https:\/\/przedszkole121.edu.wroclaw.pl\/index.php\/wp-json\/wp\/v2\/pages\/952","targetHints":{"allow":["GET"]}}],"collection":[{"href":"https:\/\/przedszkole121.edu.wroclaw.pl\/index.php\/wp-json\/wp\/v2\/pages"}],"about":[{"href":"https:\/\/przedszkole121.edu.wroclaw.pl\/index.php\/wp-json\/wp\/v2\/types\/page"}],"author":[{"embeddable":true,"href":"https:\/\/przedszkole121.edu.wroclaw.pl\/index.php\/wp-json\/wp\/v2\/users\/15"}],"replies":[{"embeddable":true,"href":"https:\/\/przedszkole121.edu.wroclaw.pl\/index.php\/wp-json\/wp\/v2\/comments?post=952"}],"version-history":[{"count":15,"href":"https:\/\/przedszkole121.edu.wroclaw.pl\/index.php\/wp-json\/wp\/v2\/pages\/952\/revisions"}],"predecessor-version":[{"id":6421,"href":"https:\/\/przedszkole121.edu.wroclaw.pl\/index.php\/wp-json\/wp\/v2\/pages\/952\/revisions\/6421"}],"wp:attachment":[{"href":"https:\/\/przedszkole121.edu.wroclaw.pl\/index.php\/wp-json\/wp\/v2\/media?parent=952"}],"curies":[{"name":"wp","href":"https:\/\/api.w.org\/{rel}","templated":true}]}}